{"id":14725,"date":"2025-05-08T09:28:09","date_gmt":"2025-05-08T07:28:09","guid":{"rendered":"https:\/\/www.circularsecondhand.org\/pantalon-de-traje\/"},"modified":"2025-05-08T09:28:09","modified_gmt":"2025-05-08T07:28:09","slug":"pantalon-de-traje","status":"publish","type":"product","link":"https:\/\/www.circularsecondhand.org\/es\/pantalon-de-traje\/","title":{"rendered":"Pantal\u00f3n de traje"},"content":{"rendered":"","protected":false},"excerpt":{"rendered":"<p>Pantal\u00f3n rosa de vestido, dise\u00f1ado con una cintura alta y una pierna ancha que realzan tu figura y aportan un toque sofisticado a cualquier look. Aunque presentan se\u00f1ales de uso en el bajo, se encuentran en perfectas condiciones, listos para ser parte de tu guardarropa. Su dise\u00f1o minimalista permite una mayor versatilidad en la combinaci\u00f3n con distintas prendas. No dejes pasar la oportunidad de lucir chic ya la moda con esta prenda \u00fanica. Aunque no tiene talla corresponde a una talla XS &#8211; S    <\/p>\n","protected":false},"featured_media":14729,"comment_status":"closed","ping_status":"closed","template":"","meta":{"_kad_blocks_custom_css":"","_kad_blocks_head_custom_js":"","_kad_blocks_body_custom_js":"","_kad_blocks_footer_custom_js":"","_kad_post_transparent":"","_kad_post_title":"","_kad_post_layout":"","_kad_post_sidebar_id":"","_kad_post_content_style":"","_kad_post_vertical_padding":"","_kad_post_feature":"","_kad_post_feature_position":"","_kad_post_header":false,"_kad_post_footer":false,"_kad_post_classname":""},"product_brand":[],"product_cat":[588],"product_tag":[129,582],"product_brands":[],"class_list":{"0":"post-14725","1":"product","2":"type-product","3":"status-publish","4":"has-post-thumbnail","6":"product_cat-pantalones-tallaje-femenino","7":"product_tag-basicos","8":"product_tag-primavera-verano","10":"first","11":"instock","12":"sold-individually","13":"taxable","14":"shipping-taxable","15":"purchasable","16":"product-type-simple","17":"entry","18":"content-bg","19":"loop-entry"},"taxonomy_info":{"product_cat":[{"value":588,"label":"Pantalones"}],"product_tag":[{"value":129,"label":"B\u00e1sicos"},{"value":582,"label":"Primavera\/Verano"}]},"featured_image_src_large":["https:\/\/www.circularsecondhand.org\/wp-content\/uploads\/2025\/05\/913-768x1024.jpg",768,1024,true],"author_info":[],"comment_info":0,"_links":{"self":[{"href":"https:\/\/www.circularsecondhand.org\/es\/wp-json\/wp\/v2\/product\/14725","targetHints":{"allow":["GET"]}}],"collection":[{"href":"https:\/\/www.circularsecondhand.org\/es\/wp-json\/wp\/v2\/product"}],"about":[{"href":"https:\/\/www.circularsecondhand.org\/es\/wp-json\/wp\/v2\/types\/product"}],"replies":[{"embeddable":true,"href":"https:\/\/www.circularsecondhand.org\/es\/wp-json\/wp\/v2\/comments?post=14725"}],"wp:featuredmedia":[{"embeddable":true,"href":"https:\/\/www.circularsecondhand.org\/es\/wp-json\/wp\/v2\/media\/14729"}],"wp:attachment":[{"href":"https:\/\/www.circularsecondhand.org\/es\/wp-json\/wp\/v2\/media?parent=14725"}],"wp:term":[{"taxonomy":"product_brand","embeddable":true,"href":"https:\/\/www.circularsecondhand.org\/es\/wp-json\/wp\/v2\/product_brand?post=14725"},{"taxonomy":"product_cat","embeddable":true,"href":"https:\/\/www.circularsecondhand.org\/es\/wp-json\/wp\/v2\/product_cat?post=14725"},{"taxonomy":"product_tag","embeddable":true,"href":"https:\/\/www.circularsecondhand.org\/es\/wp-json\/wp\/v2\/product_tag?post=14725"},{"taxonomy":"product_brands","embeddable":true,"href":"https:\/\/www.circularsecondhand.org\/es\/wp-json\/wp\/v2\/product_brands?post=14725"}],"curies":[{"name":"wp","href":"https:\/\/api.w.org\/{rel}","templated":true}]}}