{"id":14709,"date":"2025-05-08T09:28:09","date_gmt":"2025-05-08T07:28:09","guid":{"rendered":"https:\/\/www.circularsecondhand.org\/falda-plisada\/"},"modified":"2025-05-08T09:28:09","modified_gmt":"2025-05-08T07:28:09","slug":"falda-plisada","status":"publish","type":"product","link":"https:\/\/www.circularsecondhand.org\/es\/falda-plisada\/","title":{"rendered":"Falda plisada"},"content":{"rendered":"","protected":false},"excerpt":{"rendered":"<p>Falda plisada en un elegante tono verde oliva, dise\u00f1ada especialmente para chicas Peque\u00f1o con cintura peque\u00f1a. Con una ca\u00edda espectacular y una cintura alta con goma, esta falda no s\u00f3lo es c\u00f3moda, sino que tambi\u00e9n realza la figura. Sin bajo y en perfectas condiciones, es la opci\u00f3n ideal para lucir fresca y chic en cualquier ocasi\u00f3n. \u00a1No te la pierdas!   <\/p>\n","protected":false},"featured_media":14715,"comment_status":"closed","ping_status":"open","template":"","meta":{"_kad_blocks_custom_css":"","_kad_blocks_head_custom_js":"","_kad_blocks_body_custom_js":"","_kad_blocks_footer_custom_js":"","_kad_post_transparent":"","_kad_post_title":"","_kad_post_layout":"","_kad_post_sidebar_id":"","_kad_post_content_style":"","_kad_post_vertical_padding":"","_kad_post_feature":"","_kad_post_feature_position":"","_kad_post_header":false,"_kad_post_footer":false,"_kad_post_classname":""},"product_brand":[],"product_cat":[382],"product_tag":[129,582],"product_brands":[],"class_list":{"0":"post-14709","1":"product","2":"type-product","3":"status-publish","4":"has-post-thumbnail","6":"product_cat-faldas-tallaje-femenino","7":"product_tag-basicos","8":"product_tag-primavera-verano","10":"first","11":"instock","12":"sold-individually","13":"taxable","14":"shipping-taxable","15":"purchasable","16":"product-type-simple","17":"entry","18":"content-bg","19":"loop-entry"},"taxonomy_info":{"product_cat":[{"value":382,"label":"Faldas"}],"product_tag":[{"value":129,"label":"B\u00e1sicos"},{"value":582,"label":"Primavera\/Verano"}]},"featured_image_src_large":["https:\/\/www.circularsecondhand.org\/wp-content\/uploads\/2025\/05\/914-768x1024.jpg",768,1024,true],"author_info":[],"comment_info":0,"_links":{"self":[{"href":"https:\/\/www.circularsecondhand.org\/es\/wp-json\/wp\/v2\/product\/14709","targetHints":{"allow":["GET"]}}],"collection":[{"href":"https:\/\/www.circularsecondhand.org\/es\/wp-json\/wp\/v2\/product"}],"about":[{"href":"https:\/\/www.circularsecondhand.org\/es\/wp-json\/wp\/v2\/types\/product"}],"replies":[{"embeddable":true,"href":"https:\/\/www.circularsecondhand.org\/es\/wp-json\/wp\/v2\/comments?post=14709"}],"wp:featuredmedia":[{"embeddable":true,"href":"https:\/\/www.circularsecondhand.org\/es\/wp-json\/wp\/v2\/media\/14715"}],"wp:attachment":[{"href":"https:\/\/www.circularsecondhand.org\/es\/wp-json\/wp\/v2\/media?parent=14709"}],"wp:term":[{"taxonomy":"product_brand","embeddable":true,"href":"https:\/\/www.circularsecondhand.org\/es\/wp-json\/wp\/v2\/product_brand?post=14709"},{"taxonomy":"product_cat","embeddable":true,"href":"https:\/\/www.circularsecondhand.org\/es\/wp-json\/wp\/v2\/product_cat?post=14709"},{"taxonomy":"product_tag","embeddable":true,"href":"https:\/\/www.circularsecondhand.org\/es\/wp-json\/wp\/v2\/product_tag?post=14709"},{"taxonomy":"product_brands","embeddable":true,"href":"https:\/\/www.circularsecondhand.org\/es\/wp-json\/wp\/v2\/product_brands?post=14709"}],"curies":[{"name":"wp","href":"https:\/\/api.w.org\/{rel}","templated":true}]}}