{"id":14708,"date":"2025-05-08T09:19:53","date_gmt":"2025-05-08T07:19:53","guid":{"rendered":"https:\/\/www.circularsecondhand.org\/cardigan-de-michael-boy\/"},"modified":"2025-05-08T09:19:53","modified_gmt":"2025-05-08T07:19:53","slug":"cardigan-de-michael-boy","status":"publish","type":"product","link":"https:\/\/www.circularsecondhand.org\/es\/cardigan-de-michael-boy\/","title":{"rendered":"Cardigan de Michael Boy"},"content":{"rendered":"","protected":false},"excerpt":{"rendered":"<p>C\u00e1rdigan de punto oversize en un vibrante color p\u00farpura. Este su\u00e9ter no s\u00f3lo es perfecto para cualquier ocasi\u00f3n, sino que su dise\u00f1o \u00fanico presenta un gran detalle en el punto que crea distintas texturas, a\u00f1adiendo un toque especial a tu look. Se encuentra en perfectas condiciones, listo para convertirse en tu prenda favorita de la temporada. \u00a1No te lo pierdas!   <\/p>\n","protected":false},"featured_media":14712,"comment_status":"closed","ping_status":"open","template":"","meta":{"_kad_blocks_custom_css":"","_kad_blocks_head_custom_js":"","_kad_blocks_body_custom_js":"","_kad_blocks_footer_custom_js":"","_kad_post_transparent":"","_kad_post_title":"","_kad_post_layout":"","_kad_post_sidebar_id":"","_kad_post_content_style":"","_kad_post_vertical_padding":"","_kad_post_feature":"","_kad_post_feature_position":"","_kad_post_header":false,"_kad_post_footer":false,"_kad_post_classname":""},"product_brand":[],"product_cat":[358],"product_tag":[582,1087],"product_brands":[],"class_list":{"0":"post-14708","1":"product","2":"type-product","3":"status-publish","4":"has-post-thumbnail","6":"product_cat-jerseis-y-sudaderas-tallaje-femenino","7":"product_tag-primavera-verano","8":"product_tag-sin-genero","10":"first","11":"instock","12":"sold-individually","13":"taxable","14":"shipping-taxable","15":"purchasable","16":"product-type-simple","17":"entry","18":"content-bg","19":"loop-entry"},"taxonomy_info":{"product_cat":[{"value":358,"label":"Jers\u00e9is y Sudaderas"}],"product_tag":[{"value":582,"label":"Primavera\/Verano"},{"value":1087,"label":"Sin G\u00e9nero"}]},"featured_image_src_large":["https:\/\/www.circularsecondhand.org\/wp-content\/uploads\/2025\/05\/894-768x1024.jpg",768,1024,true],"author_info":[],"comment_info":0,"_links":{"self":[{"href":"https:\/\/www.circularsecondhand.org\/es\/wp-json\/wp\/v2\/product\/14708","targetHints":{"allow":["GET"]}}],"collection":[{"href":"https:\/\/www.circularsecondhand.org\/es\/wp-json\/wp\/v2\/product"}],"about":[{"href":"https:\/\/www.circularsecondhand.org\/es\/wp-json\/wp\/v2\/types\/product"}],"replies":[{"embeddable":true,"href":"https:\/\/www.circularsecondhand.org\/es\/wp-json\/wp\/v2\/comments?post=14708"}],"wp:featuredmedia":[{"embeddable":true,"href":"https:\/\/www.circularsecondhand.org\/es\/wp-json\/wp\/v2\/media\/14712"}],"wp:attachment":[{"href":"https:\/\/www.circularsecondhand.org\/es\/wp-json\/wp\/v2\/media?parent=14708"}],"wp:term":[{"taxonomy":"product_brand","embeddable":true,"href":"https:\/\/www.circularsecondhand.org\/es\/wp-json\/wp\/v2\/product_brand?post=14708"},{"taxonomy":"product_cat","embeddable":true,"href":"https:\/\/www.circularsecondhand.org\/es\/wp-json\/wp\/v2\/product_cat?post=14708"},{"taxonomy":"product_tag","embeddable":true,"href":"https:\/\/www.circularsecondhand.org\/es\/wp-json\/wp\/v2\/product_tag?post=14708"},{"taxonomy":"product_brands","embeddable":true,"href":"https:\/\/www.circularsecondhand.org\/es\/wp-json\/wp\/v2\/product_brands?post=14708"}],"curies":[{"name":"wp","href":"https:\/\/api.w.org\/{rel}","templated":true}]}}