{"id":14517,"date":"2025-04-24T09:01:18","date_gmt":"2025-04-24T07:01:18","guid":{"rendered":"https:\/\/www.circularsecondhand.org\/vestido-javier-simorra-2\/"},"modified":"2025-04-24T09:01:18","modified_gmt":"2025-04-24T07:01:18","slug":"vestido-javier-simorra-2","status":"publish","type":"product","link":"https:\/\/www.circularsecondhand.org\/es\/vestido-javier-simorra-2\/","title":{"rendered":"Vestido Javier Simorra"},"content":{"rendered":"","protected":false},"excerpt":{"rendered":"<p>Vestido Javier Simorra, una prenda \u00fanica que combina sofisticaci\u00f3n y estilo moderno. Con su falda estilo globo y dise\u00f1o asim\u00e9trico, este vestido resalta tu figura de forma espectacular. Su tejido con textura metalizada a\u00f1ade un toque de brillo, mientras que el lazo ajustable en la cintura te permite personalizar el ajuste a tu medida. El cierre con botones en la parte central no s\u00f3lo es funcional, sino que tambi\u00e9n aporta un detalle chic que har\u00e1 que todos se fijen en ti.   <\/p>\n","protected":false},"featured_media":14518,"comment_status":"closed","ping_status":"closed","template":"","meta":{"_kad_blocks_custom_css":"","_kad_blocks_head_custom_js":"","_kad_blocks_body_custom_js":"","_kad_blocks_footer_custom_js":"","_kad_post_transparent":"","_kad_post_title":"","_kad_post_layout":"","_kad_post_sidebar_id":"","_kad_post_content_style":"","_kad_post_vertical_padding":"","_kad_post_feature":"","_kad_post_feature_position":"","_kad_post_header":false,"_kad_post_footer":false,"_kad_post_classname":""},"product_brand":[],"product_cat":[380],"product_tag":[1086,582],"product_brands":[1098],"class_list":{"0":"post-14517","1":"product","2":"type-product","3":"status-publish","4":"has-post-thumbnail","6":"product_cat-vestidos-tallaje-femenino","7":"product_tag-marcas","8":"product_tag-primavera-verano","9":"product_brands-javier-simorra-es","11":"first","12":"outofstock","13":"sold-individually","14":"taxable","15":"shipping-taxable","16":"purchasable","17":"product-type-simple","18":"entry","19":"content-bg","20":"loop-entry"},"taxonomy_info":{"product_cat":[{"value":380,"label":"Vestidos"}],"product_tag":[{"value":1086,"label":"Marcas"},{"value":582,"label":"Primavera\/Verano"}],"product_brands":[{"value":1098,"label":"Javier Simorra"}]},"featured_image_src_large":["https:\/\/www.circularsecondhand.org\/wp-content\/uploads\/2025\/04\/877-1-768x1024.jpg",768,1024,true],"author_info":[],"comment_info":0,"_links":{"self":[{"href":"https:\/\/www.circularsecondhand.org\/es\/wp-json\/wp\/v2\/product\/14517","targetHints":{"allow":["GET"]}}],"collection":[{"href":"https:\/\/www.circularsecondhand.org\/es\/wp-json\/wp\/v2\/product"}],"about":[{"href":"https:\/\/www.circularsecondhand.org\/es\/wp-json\/wp\/v2\/types\/product"}],"replies":[{"embeddable":true,"href":"https:\/\/www.circularsecondhand.org\/es\/wp-json\/wp\/v2\/comments?post=14517"}],"wp:featuredmedia":[{"embeddable":true,"href":"https:\/\/www.circularsecondhand.org\/es\/wp-json\/wp\/v2\/media\/14518"}],"wp:attachment":[{"href":"https:\/\/www.circularsecondhand.org\/es\/wp-json\/wp\/v2\/media?parent=14517"}],"wp:term":[{"taxonomy":"product_brand","embeddable":true,"href":"https:\/\/www.circularsecondhand.org\/es\/wp-json\/wp\/v2\/product_brand?post=14517"},{"taxonomy":"product_cat","embeddable":true,"href":"https:\/\/www.circularsecondhand.org\/es\/wp-json\/wp\/v2\/product_cat?post=14517"},{"taxonomy":"product_tag","embeddable":true,"href":"https:\/\/www.circularsecondhand.org\/es\/wp-json\/wp\/v2\/product_tag?post=14517"},{"taxonomy":"product_brands","embeddable":true,"href":"https:\/\/www.circularsecondhand.org\/es\/wp-json\/wp\/v2\/product_brands?post=14517"}],"curies":[{"name":"wp","href":"https:\/\/api.w.org\/{rel}","templated":true}]}}