{"id":14498,"date":"2025-04-24T09:01:18","date_gmt":"2025-04-24T07:01:18","guid":{"rendered":"https:\/\/www.circularsecondhand.org\/vestido-encaje-rosa-palo\/"},"modified":"2025-04-24T09:01:18","modified_gmt":"2025-04-24T07:01:18","slug":"vestido-encaje-rosa-palo","status":"publish","type":"product","link":"https:\/\/www.circularsecondhand.org\/es\/vestido-encaje-rosa-palo\/","title":{"rendered":"Vestido encaje rosa palo"},"content":{"rendered":"","protected":false},"excerpt":{"rendered":"<p>Encantador vestido de encaje en tono melocot\u00f3n es la elecci\u00f3n perfecta para cualquier ocasi\u00f3n especial. Las mangas y el bajo de la falda presentan un sutil matiz distinto, a\u00f1adiendo un toque \u00fanico a su estilo. Aunque tiene algunas marcas en el tejido, su belleza y calidad siguen siendo excepcionales. La etiqueta dice que es una L pero corresponder\u00eda a una S actual.   <\/p>\n","protected":false},"featured_media":14499,"comment_status":"closed","ping_status":"open","template":"","meta":{"_kad_blocks_custom_css":"","_kad_blocks_head_custom_js":"","_kad_blocks_body_custom_js":"","_kad_blocks_footer_custom_js":"","_kad_post_transparent":"","_kad_post_title":"","_kad_post_layout":"","_kad_post_sidebar_id":"","_kad_post_content_style":"","_kad_post_vertical_padding":"","_kad_post_feature":"","_kad_post_feature_position":"","_kad_post_header":false,"_kad_post_footer":false,"_kad_post_classname":""},"product_brand":[],"product_cat":[380],"product_tag":[152,582],"product_brands":[],"class_list":{"0":"post-14498","1":"product","2":"type-product","3":"status-publish","4":"has-post-thumbnail","6":"product_cat-vestidos-tallaje-femenino","7":"product_tag-minimalista-es","8":"product_tag-primavera-verano","10":"first","11":"instock","12":"sold-individually","13":"taxable","14":"shipping-taxable","15":"purchasable","16":"product-type-simple","17":"entry","18":"content-bg","19":"loop-entry"},"taxonomy_info":{"product_cat":[{"value":380,"label":"Vestidos"}],"product_tag":[{"value":152,"label":"Minimalista"},{"value":582,"label":"Primavera\/Verano"}]},"featured_image_src_large":["https:\/\/www.circularsecondhand.org\/wp-content\/uploads\/2025\/04\/872-1-768x1024.jpg",768,1024,true],"author_info":[],"comment_info":0,"_links":{"self":[{"href":"https:\/\/www.circularsecondhand.org\/es\/wp-json\/wp\/v2\/product\/14498","targetHints":{"allow":["GET"]}}],"collection":[{"href":"https:\/\/www.circularsecondhand.org\/es\/wp-json\/wp\/v2\/product"}],"about":[{"href":"https:\/\/www.circularsecondhand.org\/es\/wp-json\/wp\/v2\/types\/product"}],"replies":[{"embeddable":true,"href":"https:\/\/www.circularsecondhand.org\/es\/wp-json\/wp\/v2\/comments?post=14498"}],"wp:featuredmedia":[{"embeddable":true,"href":"https:\/\/www.circularsecondhand.org\/es\/wp-json\/wp\/v2\/media\/14499"}],"wp:attachment":[{"href":"https:\/\/www.circularsecondhand.org\/es\/wp-json\/wp\/v2\/media?parent=14498"}],"wp:term":[{"taxonomy":"product_brand","embeddable":true,"href":"https:\/\/www.circularsecondhand.org\/es\/wp-json\/wp\/v2\/product_brand?post=14498"},{"taxonomy":"product_cat","embeddable":true,"href":"https:\/\/www.circularsecondhand.org\/es\/wp-json\/wp\/v2\/product_cat?post=14498"},{"taxonomy":"product_tag","embeddable":true,"href":"https:\/\/www.circularsecondhand.org\/es\/wp-json\/wp\/v2\/product_tag?post=14498"},{"taxonomy":"product_brands","embeddable":true,"href":"https:\/\/www.circularsecondhand.org\/es\/wp-json\/wp\/v2\/product_brands?post=14498"}],"curies":[{"name":"wp","href":"https:\/\/api.w.org\/{rel}","templated":true}]}}