{"id":14264,"date":"2025-04-09T08:41:21","date_gmt":"2025-04-09T06:41:21","guid":{"rendered":"https:\/\/www.circularsecondhand.org\/gabardina-burberry\/"},"modified":"2025-05-08T09:58:23","modified_gmt":"2025-05-08T07:58:23","slug":"gabardina-burberry","status":"publish","type":"product","link":"https:\/\/www.circularsecondhand.org\/es\/gabardina-burberry\/","title":{"rendered":"Gabardina Burberry"},"content":{"rendered":"","protected":false},"excerpt":{"rendered":"<p>Descubre la elegancia atemporal de esta gabardina vintage de Burberry, exportada por El Corte Ingl\u00e9s en las d\u00e9cadas de los 70 &#8211; 80. Con un dise\u00f1o en un sofisticado tono marr\u00f3n, ligeramente acolchado y de estilo oversize es perfecto para quienes buscan un toque cl\u00e1sico en su vestuario. Aunque no cuenta con etiqueta de talla, se ajusta c\u00f3modamente entre las tallas L y XL para hombres, garantizando un hito ideal.  <\/p>\n","protected":false},"featured_media":14266,"comment_status":"closed","ping_status":"closed","template":"","meta":{"_kad_blocks_custom_css":"","_kad_blocks_head_custom_js":"","_kad_blocks_body_custom_js":"","_kad_blocks_footer_custom_js":"","_kad_post_transparent":"","_kad_post_title":"","_kad_post_layout":"","_kad_post_sidebar_id":"","_kad_post_content_style":"","_kad_post_vertical_padding":"","_kad_post_feature":"","_kad_post_feature_position":"","_kad_post_header":false,"_kad_post_footer":false,"_kad_post_classname":""},"product_brand":[],"product_cat":[389],"product_tag":[1086,582,1087],"product_brands":[434],"class_list":{"0":"post-14264","1":"product","2":"type-product","3":"status-publish","4":"has-post-thumbnail","6":"product_cat-cazadoras-y-chaquetas-tallaje-masculino","7":"product_tag-marcas","8":"product_tag-primavera-verano","9":"product_tag-sin-genero","10":"product_brands-burberry-es","12":"first","13":"outofstock","14":"sold-individually","15":"taxable","16":"shipping-taxable","17":"purchasable","18":"product-type-simple","19":"entry","20":"content-bg","21":"loop-entry"},"taxonomy_info":{"product_cat":[{"value":389,"label":"Cazadoras y Chaquetas"}],"product_tag":[{"value":1086,"label":"Marcas"},{"value":582,"label":"Primavera\/Verano"},{"value":1087,"label":"Sin G\u00e9nero"}],"product_brands":[{"value":434,"label":"Burberry"}]},"featured_image_src_large":["https:\/\/www.circularsecondhand.org\/wp-content\/uploads\/2025\/04\/853-768x1024.jpg",768,1024,true],"author_info":[],"comment_info":0,"_links":{"self":[{"href":"https:\/\/www.circularsecondhand.org\/es\/wp-json\/wp\/v2\/product\/14264","targetHints":{"allow":["GET"]}}],"collection":[{"href":"https:\/\/www.circularsecondhand.org\/es\/wp-json\/wp\/v2\/product"}],"about":[{"href":"https:\/\/www.circularsecondhand.org\/es\/wp-json\/wp\/v2\/types\/product"}],"replies":[{"embeddable":true,"href":"https:\/\/www.circularsecondhand.org\/es\/wp-json\/wp\/v2\/comments?post=14264"}],"wp:featuredmedia":[{"embeddable":true,"href":"https:\/\/www.circularsecondhand.org\/es\/wp-json\/wp\/v2\/media\/14266"}],"wp:attachment":[{"href":"https:\/\/www.circularsecondhand.org\/es\/wp-json\/wp\/v2\/media?parent=14264"}],"wp:term":[{"taxonomy":"product_brand","embeddable":true,"href":"https:\/\/www.circularsecondhand.org\/es\/wp-json\/wp\/v2\/product_brand?post=14264"},{"taxonomy":"product_cat","embeddable":true,"href":"https:\/\/www.circularsecondhand.org\/es\/wp-json\/wp\/v2\/product_cat?post=14264"},{"taxonomy":"product_tag","embeddable":true,"href":"https:\/\/www.circularsecondhand.org\/es\/wp-json\/wp\/v2\/product_tag?post=14264"},{"taxonomy":"product_brands","embeddable":true,"href":"https:\/\/www.circularsecondhand.org\/es\/wp-json\/wp\/v2\/product_brands?post=14264"}],"curies":[{"name":"wp","href":"https:\/\/api.w.org\/{rel}","templated":true}]}}