{"id":14166,"date":"2025-03-02T18:57:49","date_gmt":"2025-03-02T17:57:49","guid":{"rendered":"https:\/\/www.circularsecondhand.org\/escriptori\/"},"modified":"2025-04-09T09:06:10","modified_gmt":"2025-04-09T07:06:10","slug":"escriptori","status":"publish","type":"product","link":"https:\/\/www.circularsecondhand.org\/es\/escriptori\/","title":{"rendered":"Escritorio"},"content":{"rendered":"","protected":false},"excerpt":{"rendered":"<table width=\"458\">\n<tbody>\n<tr>\n<td width=\"458\">Escritorio con mesa extra\u00edble, la soluci\u00f3n perfecta para optimizar tu espacio de trabajo. Con m\u00faltiples cajones y estantes, ofrece un amplio espacio de almacenamiento para mantener todo organizado. Fabricado en madera clara y con un estilo cl\u00e1sico, aporta calidez y elegancia a cualquier aposento. \u00a1Funcionalidad y dise\u00f1o en una sola pieza!   <\/p>\n<p><strong>Este producto no se env\u00eda a domicilio. Habr\u00e1 que recogerlo personalmente en la tienda de Sant Joan Desp\u00ed, La Nau. <\/strong><\/p>\n<p>Si tienes cualquier duda o quieres verla antes de comprarla, env\u00eda un WhatsApp con la referencia del producto al +34 685 75 25 52 o vis\u00edtanos en la Tienda Solidanza LA NAU (Raval de las Bebidas, 25, Sant Joan Desp\u00ed)<\/td>\n<\/tr>\n<\/tbody>\n<\/table>\n","protected":false},"featured_media":14160,"comment_status":"closed","ping_status":"closed","template":"","meta":{"_kad_blocks_custom_css":"","_kad_blocks_head_custom_js":"","_kad_blocks_body_custom_js":"","_kad_blocks_footer_custom_js":"","_kad_post_transparent":"default","_kad_post_title":"","_kad_post_layout":"default","_kad_post_sidebar_id":"","_kad_post_content_style":"default","_kad_post_vertical_padding":"default","_kad_post_feature":"","_kad_post_feature_position":"","_kad_post_header":false,"_kad_post_footer":false,"_kad_post_classname":""},"product_brand":[],"product_cat":[978,977],"product_tag":[],"product_brands":[],"class_list":{"0":"post-14166","1":"product","2":"type-product","3":"status-publish","4":"has-post-thumbnail","6":"product_cat-muebles","7":"product_cat-muebles-y-cosas-para-el-hogar","9":"first","10":"instock","11":"taxable","12":"shipping-taxable","13":"purchasable","14":"product-type-simple","15":"entry","16":"content-bg","17":"loop-entry"},"taxonomy_info":{"product_cat":[{"value":978,"label":"Muebles"},{"value":977,"label":"Muebles y cosas para el Hogar"}]},"featured_image_src_large":["https:\/\/www.circularsecondhand.org\/wp-content\/uploads\/2025\/04\/WhatsApp-Image-2025-04-02-at-14.34.25-768x1024.jpeg",768,1024,true],"author_info":[],"comment_info":0,"_links":{"self":[{"href":"https:\/\/www.circularsecondhand.org\/es\/wp-json\/wp\/v2\/product\/14166","targetHints":{"allow":["GET"]}}],"collection":[{"href":"https:\/\/www.circularsecondhand.org\/es\/wp-json\/wp\/v2\/product"}],"about":[{"href":"https:\/\/www.circularsecondhand.org\/es\/wp-json\/wp\/v2\/types\/product"}],"replies":[{"embeddable":true,"href":"https:\/\/www.circularsecondhand.org\/es\/wp-json\/wp\/v2\/comments?post=14166"}],"wp:featuredmedia":[{"embeddable":true,"href":"https:\/\/www.circularsecondhand.org\/es\/wp-json\/wp\/v2\/media\/14160"}],"wp:attachment":[{"href":"https:\/\/www.circularsecondhand.org\/es\/wp-json\/wp\/v2\/media?parent=14166"}],"wp:term":[{"taxonomy":"product_brand","embeddable":true,"href":"https:\/\/www.circularsecondhand.org\/es\/wp-json\/wp\/v2\/product_brand?post=14166"},{"taxonomy":"product_cat","embeddable":true,"href":"https:\/\/www.circularsecondhand.org\/es\/wp-json\/wp\/v2\/product_cat?post=14166"},{"taxonomy":"product_tag","embeddable":true,"href":"https:\/\/www.circularsecondhand.org\/es\/wp-json\/wp\/v2\/product_tag?post=14166"},{"taxonomy":"product_brands","embeddable":true,"href":"https:\/\/www.circularsecondhand.org\/es\/wp-json\/wp\/v2\/product_brands?post=14166"}],"curies":[{"name":"wp","href":"https:\/\/api.w.org\/{rel}","templated":true}]}}