{"id":14165,"date":"2025-03-02T18:50:09","date_gmt":"2025-03-02T17:50:09","guid":{"rendered":"https:\/\/www.circularsecondhand.org\/balanca-vintage\/"},"modified":"2025-04-09T09:08:29","modified_gmt":"2025-04-09T07:08:29","slug":"balanca-vintage","status":"publish","type":"product","link":"https:\/\/www.circularsecondhand.org\/es\/balanca-vintage\/","title":{"rendered":"Balanza vintage"},"content":{"rendered":"","protected":false},"excerpt":{"rendered":"<table width=\"458\">\n<tbody>\n<tr>\n<td width=\"458\">Balanza antigua de metal en perfectas condiciones. Un prenda \u00fanica con encanto vintage, ideal para dar un toque de elegancia y autenticidad a la decoraci\u00f3n de una tienda, oficina o incluso en tu casa. \u00a1Un detalle distintivo que combina historia y estilo!  <\/p>\n<p>Este producto <strong>no se env\u00eda a domicilio<\/strong>. <strong>Habr\u00e1 que recogerlo personalmente en la tienda de Sant Joan Desp\u00ed, La Nau<\/strong>.<\/p>\n<p>Si tienes cualquier duda o quieres verla antes de comprarla, env\u00eda un WhatsApp con la referencia del producto al +34 685 75 25 52 o vis\u00edtanos en la Tienda Solidanza LA NAU (Raval de las Bebidas, 25, Sant Joan Desp\u00ed)<\/td>\n<\/tr>\n<\/tbody>\n<\/table>\n","protected":false},"featured_media":14150,"comment_status":"closed","ping_status":"closed","template":"","meta":{"_kad_blocks_custom_css":"","_kad_blocks_head_custom_js":"","_kad_blocks_body_custom_js":"","_kad_blocks_footer_custom_js":"","_kad_post_transparent":"default","_kad_post_title":"","_kad_post_layout":"default","_kad_post_sidebar_id":"","_kad_post_content_style":"default","_kad_post_vertical_padding":"default","_kad_post_feature":"","_kad_post_feature_position":"","_kad_post_header":false,"_kad_post_footer":false,"_kad_post_classname":""},"product_brand":[],"product_cat":[977,1061,979],"product_tag":[1109],"product_brands":[],"class_list":{"0":"post-14165","1":"product","2":"type-product","3":"status-publish","4":"has-post-thumbnail","6":"product_cat-muebles-y-cosas-para-el-hogar","7":"product_cat-decoracion","8":"product_cat-electronica-es","9":"product_tag-decoracio-es","11":"first","12":"outofstock","13":"taxable","14":"shipping-taxable","15":"purchasable","16":"product-type-simple","17":"entry","18":"content-bg","19":"loop-entry"},"taxonomy_info":{"product_cat":[{"value":977,"label":"Muebles y cosas para el Hogar"},{"value":1061,"label":"Decoraci\u00f3n"},{"value":979,"label":"Electr\u00f3nica"}],"product_tag":[{"value":1109,"label":"Decoraci\u00f3"}]},"featured_image_src_large":["https:\/\/www.circularsecondhand.org\/wp-content\/uploads\/2025\/04\/WhatsApp-Image-2025-04-02-at-14.34.54-768x1024.jpeg",768,1024,true],"author_info":[],"comment_info":0,"_links":{"self":[{"href":"https:\/\/www.circularsecondhand.org\/es\/wp-json\/wp\/v2\/product\/14165","targetHints":{"allow":["GET"]}}],"collection":[{"href":"https:\/\/www.circularsecondhand.org\/es\/wp-json\/wp\/v2\/product"}],"about":[{"href":"https:\/\/www.circularsecondhand.org\/es\/wp-json\/wp\/v2\/types\/product"}],"replies":[{"embeddable":true,"href":"https:\/\/www.circularsecondhand.org\/es\/wp-json\/wp\/v2\/comments?post=14165"}],"wp:featuredmedia":[{"embeddable":true,"href":"https:\/\/www.circularsecondhand.org\/es\/wp-json\/wp\/v2\/media\/14150"}],"wp:attachment":[{"href":"https:\/\/www.circularsecondhand.org\/es\/wp-json\/wp\/v2\/media?parent=14165"}],"wp:term":[{"taxonomy":"product_brand","embeddable":true,"href":"https:\/\/www.circularsecondhand.org\/es\/wp-json\/wp\/v2\/product_brand?post=14165"},{"taxonomy":"product_cat","embeddable":true,"href":"https:\/\/www.circularsecondhand.org\/es\/wp-json\/wp\/v2\/product_cat?post=14165"},{"taxonomy":"product_tag","embeddable":true,"href":"https:\/\/www.circularsecondhand.org\/es\/wp-json\/wp\/v2\/product_tag?post=14165"},{"taxonomy":"product_brands","embeddable":true,"href":"https:\/\/www.circularsecondhand.org\/es\/wp-json\/wp\/v2\/product_brands?post=14165"}],"curies":[{"name":"wp","href":"https:\/\/api.w.org\/{rel}","templated":true}]}}