{"id":14068,"date":"2025-03-20T08:34:23","date_gmt":"2025-03-20T07:34:23","guid":{"rendered":"https:\/\/www.circularsecondhand.org\/gabardina-emilio-tucci\/"},"modified":"2025-04-09T08:59:09","modified_gmt":"2025-04-09T06:59:09","slug":"gabardina-emilio-tucci","status":"publish","type":"product","link":"https:\/\/www.circularsecondhand.org\/es\/gabardina-emilio-tucci\/","title":{"rendered":"Gabardina Emilio Tucci"},"content":{"rendered":"","protected":false},"excerpt":{"rendered":"<p>Esta gabardina cl\u00e1sica de El Corte Ingl\u00e9s es un must-have para cualquier armario. Con su elegante color marr\u00f3n combina estilo y versatilidad. Perfecta para cualquier ocasi\u00f3n, est\u00e1 en perfecto estado y lista para ser tu nueva prenda favorita.  <\/p>\n","protected":false},"featured_media":14069,"comment_status":"closed","ping_status":"closed","template":"","meta":{"_kad_blocks_custom_css":"","_kad_blocks_head_custom_js":"","_kad_blocks_body_custom_js":"","_kad_blocks_footer_custom_js":"","_kad_post_transparent":"","_kad_post_title":"","_kad_post_layout":"","_kad_post_sidebar_id":"","_kad_post_content_style":"","_kad_post_vertical_padding":"","_kad_post_feature":"","_kad_post_feature_position":"","_kad_post_header":false,"_kad_post_footer":false,"_kad_post_classname":""},"product_brand":[],"product_cat":[389],"product_tag":[129,584,1087],"product_brands":[454],"class_list":{"0":"post-14068","1":"product","2":"type-product","3":"status-publish","4":"has-post-thumbnail","6":"product_cat-cazadoras-y-chaquetas-tallaje-masculino","7":"product_tag-basicos","8":"product_tag-otono-invierno","9":"product_tag-sin-genero","10":"product_brands-el-corte-ingles-es","12":"first","13":"outofstock","14":"sold-individually","15":"taxable","16":"shipping-taxable","17":"purchasable","18":"product-type-simple","19":"entry","20":"content-bg","21":"loop-entry"},"taxonomy_info":{"product_cat":[{"value":389,"label":"Cazadoras y Chaquetas"}],"product_tag":[{"value":129,"label":"B\u00e1sicos"},{"value":584,"label":"Oto\u00f1o\/Invierno"},{"value":1087,"label":"Sin G\u00e9nero"}],"product_brands":[{"value":454,"label":"El Corte Ingl\u00e9s"}]},"featured_image_src_large":["https:\/\/www.circularsecondhand.org\/wp-content\/uploads\/2025\/03\/835-768x1024.jpg",768,1024,true],"author_info":[],"comment_info":0,"_links":{"self":[{"href":"https:\/\/www.circularsecondhand.org\/es\/wp-json\/wp\/v2\/product\/14068","targetHints":{"allow":["GET"]}}],"collection":[{"href":"https:\/\/www.circularsecondhand.org\/es\/wp-json\/wp\/v2\/product"}],"about":[{"href":"https:\/\/www.circularsecondhand.org\/es\/wp-json\/wp\/v2\/types\/product"}],"replies":[{"embeddable":true,"href":"https:\/\/www.circularsecondhand.org\/es\/wp-json\/wp\/v2\/comments?post=14068"}],"wp:featuredmedia":[{"embeddable":true,"href":"https:\/\/www.circularsecondhand.org\/es\/wp-json\/wp\/v2\/media\/14069"}],"wp:attachment":[{"href":"https:\/\/www.circularsecondhand.org\/es\/wp-json\/wp\/v2\/media?parent=14068"}],"wp:term":[{"taxonomy":"product_brand","embeddable":true,"href":"https:\/\/www.circularsecondhand.org\/es\/wp-json\/wp\/v2\/product_brand?post=14068"},{"taxonomy":"product_cat","embeddable":true,"href":"https:\/\/www.circularsecondhand.org\/es\/wp-json\/wp\/v2\/product_cat?post=14068"},{"taxonomy":"product_tag","embeddable":true,"href":"https:\/\/www.circularsecondhand.org\/es\/wp-json\/wp\/v2\/product_tag?post=14068"},{"taxonomy":"product_brands","embeddable":true,"href":"https:\/\/www.circularsecondhand.org\/es\/wp-json\/wp\/v2\/product_brands?post=14068"}],"curies":[{"name":"wp","href":"https:\/\/api.w.org\/{rel}","templated":true}]}}