{"id":13803,"date":"2025-03-13T08:35:13","date_gmt":"2025-03-13T07:35:13","guid":{"rendered":"https:\/\/www.circularsecondhand.org\/vestido-versace\/"},"modified":"2025-03-13T10:30:28","modified_gmt":"2025-03-13T09:30:28","slug":"vestido-versace","status":"publish","type":"product","link":"https:\/\/www.circularsecondhand.org\/es\/vestido-versace\/","title":{"rendered":"Vestido Versace"},"content":{"rendered":"","protected":false},"excerpt":{"rendered":"<p>\u00a1Aut\u00e9ntico glamour vintage de los 90! Este vestido vintage de Versace es una prenda ic\u00f3nica que captura la esencia atrevida de la d\u00e9cada. Destaca por sus placas decorativas con el logo de la Medusa en los tirantes, un detalle exclusivo que refleja la elegancia y el car\u00e1cter distintivo de la marca.<br \/>\n Pese a presentar algunas marcas de uso y peque\u00f1os descosidos, su dise\u00f1o atemporal le convierte en la elecci\u00f3n perfecta para quien busca un estilo \u00fanico y con personalidad.  <\/p>\n","protected":false},"featured_media":13805,"comment_status":"closed","ping_status":"closed","template":"","meta":{"_kad_blocks_custom_css":"","_kad_blocks_head_custom_js":"","_kad_blocks_body_custom_js":"","_kad_blocks_footer_custom_js":"","_kad_post_transparent":"","_kad_post_title":"","_kad_post_layout":"","_kad_post_sidebar_id":"","_kad_post_content_style":"","_kad_post_vertical_padding":"","_kad_post_feature":"","_kad_post_feature_position":"","_kad_post_header":false,"_kad_post_footer":false,"_kad_post_classname":""},"product_brand":[],"product_cat":[380],"product_tag":[584,131],"product_brands":[1099],"class_list":{"0":"post-13803","1":"product","2":"type-product","3":"status-publish","4":"has-post-thumbnail","6":"product_cat-vestidos-tallaje-femenino","7":"product_tag-otono-invierno","8":"product_tag-vintage-es","9":"product_brands-versace-es","11":"first","12":"outofstock","13":"sold-individually","14":"taxable","15":"shipping-taxable","16":"purchasable","17":"product-type-simple","18":"entry","19":"content-bg","20":"loop-entry"},"taxonomy_info":{"product_cat":[{"value":380,"label":"Vestidos"}],"product_tag":[{"value":584,"label":"Oto\u00f1o\/Invierno"},{"value":131,"label":"Vintage"}],"product_brands":[{"value":1099,"label":"Versace"}]},"featured_image_src_large":["https:\/\/www.circularsecondhand.org\/wp-content\/uploads\/2025\/03\/825-768x1024.jpg",768,1024,true],"author_info":[],"comment_info":0,"_links":{"self":[{"href":"https:\/\/www.circularsecondhand.org\/es\/wp-json\/wp\/v2\/product\/13803","targetHints":{"allow":["GET"]}}],"collection":[{"href":"https:\/\/www.circularsecondhand.org\/es\/wp-json\/wp\/v2\/product"}],"about":[{"href":"https:\/\/www.circularsecondhand.org\/es\/wp-json\/wp\/v2\/types\/product"}],"replies":[{"embeddable":true,"href":"https:\/\/www.circularsecondhand.org\/es\/wp-json\/wp\/v2\/comments?post=13803"}],"wp:featuredmedia":[{"embeddable":true,"href":"https:\/\/www.circularsecondhand.org\/es\/wp-json\/wp\/v2\/media\/13805"}],"wp:attachment":[{"href":"https:\/\/www.circularsecondhand.org\/es\/wp-json\/wp\/v2\/media?parent=13803"}],"wp:term":[{"taxonomy":"product_brand","embeddable":true,"href":"https:\/\/www.circularsecondhand.org\/es\/wp-json\/wp\/v2\/product_brand?post=13803"},{"taxonomy":"product_cat","embeddable":true,"href":"https:\/\/www.circularsecondhand.org\/es\/wp-json\/wp\/v2\/product_cat?post=13803"},{"taxonomy":"product_tag","embeddable":true,"href":"https:\/\/www.circularsecondhand.org\/es\/wp-json\/wp\/v2\/product_tag?post=13803"},{"taxonomy":"product_brands","embeddable":true,"href":"https:\/\/www.circularsecondhand.org\/es\/wp-json\/wp\/v2\/product_brands?post=13803"}],"curies":[{"name":"wp","href":"https:\/\/api.w.org\/{rel}","templated":true}]}}