{"id":13791,"date":"2025-02-20T11:53:02","date_gmt":"2025-02-20T10:53:02","guid":{"rendered":"https:\/\/www.circularsecondhand.org\/decantador-vintage\/"},"modified":"2025-02-20T11:53:02","modified_gmt":"2025-02-20T10:53:02","slug":"decantador-vintage","status":"publish","type":"product","link":"https:\/\/www.circularsecondhand.org\/es\/decantador-vintage\/","title":{"rendered":"Decantador vintage"},"content":{"rendered":"","protected":false},"excerpt":{"rendered":"<table width=\"458\">\n<tbody>\n<tr>\n<td width=\"458\">Decantador de vidrio vintage con un encanto \u00fanico. Su vidrio verdoso, con peque\u00f1as burbujas naturales, le aporta personalidad y car\u00e1cter. El corcho del tap\u00f3n se encuentra en perfectas condiciones, haciendo de esta prenda un complemento ideal para cualquier colecci\u00f3n o decoraci\u00f3n elegante.  <\/p>\n<p>Este producto no se env\u00eda a domicilio.  <strong>Habr\u00e1 que recogerlo personalmente en la tienda de Sant Joan Desp\u00ed, La Nau.<\/strong><\/p>\n<p>Si tienes cualquier duda o quieres verla antes de comprarla, env\u00eda un WhatsApp con la referencia del producto al +34 685 75 25 52 o vis\u00edtanos en la Tienda Solidanza LA NAU (Raval de las Bebidas, 25, Sant Joan Desp\u00ed)<\/td>\n<\/tr>\n<\/tbody>\n<\/table>\n","protected":false},"featured_media":13673,"comment_status":"closed","ping_status":"closed","template":"","meta":{"_kad_blocks_custom_css":"","_kad_blocks_head_custom_js":"","_kad_blocks_body_custom_js":"","_kad_blocks_footer_custom_js":"","_kad_post_transparent":"","_kad_post_title":"","_kad_post_layout":"","_kad_post_sidebar_id":"","_kad_post_content_style":"","_kad_post_vertical_padding":"","_kad_post_feature":"","_kad_post_feature_position":"","_kad_post_header":false,"_kad_post_footer":false,"_kad_post_classname":""},"product_brand":[],"product_cat":[1061],"product_tag":[129],"product_brands":[],"class_list":{"0":"post-13791","1":"product","2":"type-product","3":"status-publish","4":"has-post-thumbnail","6":"product_cat-decoracion","7":"product_tag-basicos","9":"first","10":"outofstock","11":"sold-individually","12":"taxable","13":"shipping-taxable","14":"purchasable","15":"product-type-simple","16":"entry","17":"content-bg","18":"loop-entry"},"taxonomy_info":{"product_cat":[{"value":1061,"label":"Decoraci\u00f3n"}],"product_tag":[{"value":129,"label":"B\u00e1sicos"}]},"featured_image_src_large":["https:\/\/www.circularsecondhand.org\/wp-content\/uploads\/2025\/03\/MOEL22-768x1024.jpg",768,1024,true],"author_info":[],"comment_info":0,"_links":{"self":[{"href":"https:\/\/www.circularsecondhand.org\/es\/wp-json\/wp\/v2\/product\/13791","targetHints":{"allow":["GET"]}}],"collection":[{"href":"https:\/\/www.circularsecondhand.org\/es\/wp-json\/wp\/v2\/product"}],"about":[{"href":"https:\/\/www.circularsecondhand.org\/es\/wp-json\/wp\/v2\/types\/product"}],"replies":[{"embeddable":true,"href":"https:\/\/www.circularsecondhand.org\/es\/wp-json\/wp\/v2\/comments?post=13791"}],"wp:featuredmedia":[{"embeddable":true,"href":"https:\/\/www.circularsecondhand.org\/es\/wp-json\/wp\/v2\/media\/13673"}],"wp:attachment":[{"href":"https:\/\/www.circularsecondhand.org\/es\/wp-json\/wp\/v2\/media?parent=13791"}],"wp:term":[{"taxonomy":"product_brand","embeddable":true,"href":"https:\/\/www.circularsecondhand.org\/es\/wp-json\/wp\/v2\/product_brand?post=13791"},{"taxonomy":"product_cat","embeddable":true,"href":"https:\/\/www.circularsecondhand.org\/es\/wp-json\/wp\/v2\/product_cat?post=13791"},{"taxonomy":"product_tag","embeddable":true,"href":"https:\/\/www.circularsecondhand.org\/es\/wp-json\/wp\/v2\/product_tag?post=13791"},{"taxonomy":"product_brands","embeddable":true,"href":"https:\/\/www.circularsecondhand.org\/es\/wp-json\/wp\/v2\/product_brands?post=13791"}],"curies":[{"name":"wp","href":"https:\/\/api.w.org\/{rel}","templated":true}]}}