{"id":13696,"date":"2025-02-28T14:15:44","date_gmt":"2025-02-28T13:15:44","guid":{"rendered":"https:\/\/www.circularsecondhand.org\/tote-bag-dia-de-la-mujer\/"},"modified":"2025-03-11T15:14:54","modified_gmt":"2025-03-11T14:14:54","slug":"tote-bag-dia-de-la-mujer","status":"publish","type":"product","link":"https:\/\/www.circularsecondhand.org\/es\/tote-bag-dia-de-la-mujer\/","title":{"rendered":"Tote Bag d\u00eda de la Mujer"},"content":{"rendered":"","protected":false},"excerpt":{"rendered":"<p>Esta bolsa se crea para reivindicar 8 de mazo, d\u00eda de la mujer trabajadora. El dinero recaudado se destinar\u00e1 al proyecto de inserci\u00f3n sociolaboral de Solidan\u00e7a. <\/p>\n","protected":false},"featured_media":13613,"comment_status":"closed","ping_status":"closed","template":"","meta":{"_kad_blocks_custom_css":"","_kad_blocks_head_custom_js":"","_kad_blocks_body_custom_js":"","_kad_blocks_footer_custom_js":"","_kad_post_transparent":"","_kad_post_title":"","_kad_post_layout":"","_kad_post_sidebar_id":"","_kad_post_content_style":"","_kad_post_vertical_padding":"","_kad_post_feature":"","_kad_post_feature_position":"","_kad_post_header":false,"_kad_post_footer":false,"_kad_post_classname":""},"product_brand":[],"product_cat":[801,803],"product_tag":[1077,1076,1081,1078,1080,1079,1075],"product_brands":[],"class_list":{"0":"post-13696","1":"product","2":"type-product","3":"status-publish","4":"has-post-thumbnail","6":"product_cat-accesorios","7":"product_cat-bolsos-es","8":"product_tag-8-de-marzo","9":"product_tag-8m-es","10":"product_tag-bolsa-8-de-marzo","11":"product_tag-dia-de-la-mujer","12":"product_tag-dia-de-la-mujer-trabajadora","13":"product_tag-solidanca-es","14":"product_tag-tote-bag-es","15":"product_shipping_class-envio-gratuito-tote-bag-es","17":"first","18":"instock","19":"taxable","20":"shipping-taxable","21":"purchasable","22":"product-type-simple","23":"entry","24":"content-bg","25":"loop-entry"},"taxonomy_info":{"product_cat":[{"value":801,"label":"Accesorios"},{"value":803,"label":"Bolsos"}],"product_tag":[{"value":1077,"label":"8 de marzo"},{"value":1076,"label":"8M"},{"value":1081,"label":"bolsa 8 de marzo"},{"value":1078,"label":"d\u00eda de la mujer"},{"value":1080,"label":"d\u00eda de la mujer trabajadora"},{"value":1079,"label":"solidan\u00e7a"},{"value":1075,"label":"tote bag"}]},"featured_image_src_large":["https:\/\/www.circularsecondhand.org\/wp-content\/uploads\/2025\/02\/Bossa-8M-Solidanca-768x1024.png",768,1024,true],"author_info":[],"comment_info":0,"_links":{"self":[{"href":"https:\/\/www.circularsecondhand.org\/es\/wp-json\/wp\/v2\/product\/13696","targetHints":{"allow":["GET"]}}],"collection":[{"href":"https:\/\/www.circularsecondhand.org\/es\/wp-json\/wp\/v2\/product"}],"about":[{"href":"https:\/\/www.circularsecondhand.org\/es\/wp-json\/wp\/v2\/types\/product"}],"replies":[{"embeddable":true,"href":"https:\/\/www.circularsecondhand.org\/es\/wp-json\/wp\/v2\/comments?post=13696"}],"wp:featuredmedia":[{"embeddable":true,"href":"https:\/\/www.circularsecondhand.org\/es\/wp-json\/wp\/v2\/media\/13613"}],"wp:attachment":[{"href":"https:\/\/www.circularsecondhand.org\/es\/wp-json\/wp\/v2\/media?parent=13696"}],"wp:term":[{"taxonomy":"product_brand","embeddable":true,"href":"https:\/\/www.circularsecondhand.org\/es\/wp-json\/wp\/v2\/product_brand?post=13696"},{"taxonomy":"product_cat","embeddable":true,"href":"https:\/\/www.circularsecondhand.org\/es\/wp-json\/wp\/v2\/product_cat?post=13696"},{"taxonomy":"product_tag","embeddable":true,"href":"https:\/\/www.circularsecondhand.org\/es\/wp-json\/wp\/v2\/product_tag?post=13696"},{"taxonomy":"product_brands","embeddable":true,"href":"https:\/\/www.circularsecondhand.org\/es\/wp-json\/wp\/v2\/product_brands?post=13696"}],"curies":[{"name":"wp","href":"https:\/\/api.w.org\/{rel}","templated":true}]}}