{"id":13670,"date":"2025-02-20T11:50:57","date_gmt":"2025-02-20T10:50:57","guid":{"rendered":"https:\/\/www.circularsecondhand.org\/caixa-registradora-vintage\/"},"modified":"2026-04-29T08:24:47","modified_gmt":"2026-04-29T06:24:47","slug":"caixa-registradora-vintage","status":"publish","type":"product","link":"https:\/\/www.circularsecondhand.org\/es\/caixa-registradora-vintage\/","title":{"rendered":"Caixa registradora vintage"},"content":{"rendered":"","protected":false},"excerpt":{"rendered":"<table width=\"458\">\n<tbody>\n<tr>\n<td width=\"458\">Caixa registradora vintage dels anys 60-70 en perfectes condicions est\u00e8tiques, tot i que no funcional electr\u00f2nicament. Una pe\u00e7a amb encant i hist\u00f2ria, ideal per decorar i aportar car\u00e0cter a qualsevol espai comercial.<\/p>\n<p>Aquest producte no s&#8217;envia a domicili. <strong>Caldr\u00e0 recollir-lo personalment a la botiga de Sant Joan Desp\u00ed, La Nau.<\/strong><\/p>\n<p>Si tens qualsevol dubte o vols veure\u2019l abans de comprar-lo, envia un WhatsApp amb la refer\u00e8ncia del producte al +34 685 75 25 52 o visita\u2019ns a la Botiga Solidan\u00e7a LA NAU (Raval de les Begudes, 25, Sant Joan Desp\u00ed)<\/td>\n<\/tr>\n<\/tbody>\n<\/table>\n","protected":false},"featured_media":13677,"comment_status":"closed","ping_status":"closed","template":"","meta":{"_kad_blocks_custom_css":"","_kad_blocks_head_custom_js":"","_kad_blocks_body_custom_js":"","_kad_blocks_footer_custom_js":"","_kad_post_transparent":"default","_kad_post_title":"","_kad_post_layout":"default","_kad_post_sidebar_id":"","_kad_post_content_style":"default","_kad_post_vertical_padding":"default","_kad_post_feature":"","_kad_post_feature_position":"","_kad_post_header":false,"_kad_post_footer":false,"_kad_post_classname":""},"product_brand":[],"product_cat":[1061],"product_tag":[],"product_brands":[],"class_list":{"0":"post-13670","1":"product","2":"type-product","3":"status-publish","4":"has-post-thumbnail","6":"product_cat-decoracion","8":"first","9":"outofstock","10":"sold-individually","11":"taxable","12":"shipping-taxable","13":"purchasable","14":"product-type-simple","15":"entry","16":"content-bg","17":"loop-entry"},"taxonomy_info":{"product_cat":[{"value":1061,"label":"Decoraci\u00f3n"}]},"featured_image_src_large":["https:\/\/www.circularsecondhand.org\/wp-content\/uploads\/2025\/03\/MOEL21-768x1024.jpg",768,1024,true],"author_info":[],"comment_info":0,"_links":{"self":[{"href":"https:\/\/www.circularsecondhand.org\/es\/wp-json\/wp\/v2\/product\/13670","targetHints":{"allow":["GET"]}}],"collection":[{"href":"https:\/\/www.circularsecondhand.org\/es\/wp-json\/wp\/v2\/product"}],"about":[{"href":"https:\/\/www.circularsecondhand.org\/es\/wp-json\/wp\/v2\/types\/product"}],"replies":[{"embeddable":true,"href":"https:\/\/www.circularsecondhand.org\/es\/wp-json\/wp\/v2\/comments?post=13670"}],"wp:featuredmedia":[{"embeddable":true,"href":"https:\/\/www.circularsecondhand.org\/es\/wp-json\/wp\/v2\/media\/13677"}],"wp:attachment":[{"href":"https:\/\/www.circularsecondhand.org\/es\/wp-json\/wp\/v2\/media?parent=13670"}],"wp:term":[{"taxonomy":"product_brand","embeddable":true,"href":"https:\/\/www.circularsecondhand.org\/es\/wp-json\/wp\/v2\/product_brand?post=13670"},{"taxonomy":"product_cat","embeddable":true,"href":"https:\/\/www.circularsecondhand.org\/es\/wp-json\/wp\/v2\/product_cat?post=13670"},{"taxonomy":"product_tag","embeddable":true,"href":"https:\/\/www.circularsecondhand.org\/es\/wp-json\/wp\/v2\/product_tag?post=13670"},{"taxonomy":"product_brands","embeddable":true,"href":"https:\/\/www.circularsecondhand.org\/es\/wp-json\/wp\/v2\/product_brands?post=13670"}],"curies":[{"name":"wp","href":"https:\/\/api.w.org\/{rel}","templated":true}]}}