{"id":13608,"date":"2025-02-28T12:16:27","date_gmt":"2025-02-28T11:16:27","guid":{"rendered":"https:\/\/www.circularsecondhand.org\/cazadora-worker-scweppes\/"},"modified":"2025-02-28T12:16:27","modified_gmt":"2025-02-28T11:16:27","slug":"cazadora-worker-scweppes","status":"publish","type":"product","link":"https:\/\/www.circularsecondhand.org\/es\/cazadora-worker-scweppes\/","title":{"rendered":"Cazadora worker Scweppes"},"content":{"rendered":"","protected":false},"excerpt":{"rendered":"<table width=\"557\">\n<tbody>\n<tr>\n<td width=\"557\">\u00a1Un peque\u00f1o pedazo de historia puede ser tuyo! Esta cazadora de trabajador de la marca Schweppes es una prenda \u00fanica con estilo retro y funcionalidad. Ideal para el entretiempo, cuenta con dos bolsillos frontales con cierre de bot\u00f3n, uno de ellos decorado con el logo original de la empresa.  <\/p>\n<p>Con un corte oversize, pu\u00f1os el\u00e1sticos y goma en la parte trasera, garantiza comodidad y una mejor adaptaci\u00f3n al cuerpo. Se encuentra en perfectas condiciones, s\u00f3lo necesita un ligero repaso de plancha para estar listo para lucirla. <\/td>\n<\/tr>\n<\/tbody>\n<\/table>\n","protected":false},"featured_media":13601,"comment_status":"closed","ping_status":"closed","template":"","meta":{"_kad_blocks_custom_css":"","_kad_blocks_head_custom_js":"","_kad_blocks_body_custom_js":"","_kad_blocks_footer_custom_js":"","_kad_post_transparent":"","_kad_post_title":"","_kad_post_layout":"","_kad_post_sidebar_id":"","_kad_post_content_style":"","_kad_post_vertical_padding":"","_kad_post_feature":"","_kad_post_feature_position":"","_kad_post_header":false,"_kad_post_footer":false,"_kad_post_classname":""},"product_brand":[],"product_cat":[371,389,407,409],"product_tag":[582,131],"product_brands":[],"class_list":{"0":"post-13608","1":"product","2":"type-product","3":"status-publish","4":"has-post-thumbnail","6":"product_cat-cazadoras-y-chaquetas-tallaje-femenino","7":"product_cat-cazadoras-y-chaquetas-tallaje-masculino","8":"product_cat-tallaje-femenino","9":"product_cat-tallaje-masculino","10":"product_tag-primavera-verano","11":"product_tag-vintage-es","13":"first","14":"outofstock","15":"taxable","16":"shipping-taxable","17":"purchasable","18":"product-type-simple","19":"entry","20":"content-bg","21":"loop-entry"},"taxonomy_info":{"product_cat":[{"value":371,"label":"Cazadoras y Chaquetas"},{"value":389,"label":"Cazadoras y Chaquetas"},{"value":407,"label":"Tallaje Femenino"},{"value":409,"label":"Tallaje Masculino"}],"product_tag":[{"value":582,"label":"Primavera\/Verano"},{"value":131,"label":"Vintage"}]},"featured_image_src_large":["https:\/\/www.circularsecondhand.org\/wp-content\/uploads\/2025\/02\/847-768x1024.jpg",768,1024,true],"author_info":[],"comment_info":0,"_links":{"self":[{"href":"https:\/\/www.circularsecondhand.org\/es\/wp-json\/wp\/v2\/product\/13608","targetHints":{"allow":["GET"]}}],"collection":[{"href":"https:\/\/www.circularsecondhand.org\/es\/wp-json\/wp\/v2\/product"}],"about":[{"href":"https:\/\/www.circularsecondhand.org\/es\/wp-json\/wp\/v2\/types\/product"}],"replies":[{"embeddable":true,"href":"https:\/\/www.circularsecondhand.org\/es\/wp-json\/wp\/v2\/comments?post=13608"}],"wp:featuredmedia":[{"embeddable":true,"href":"https:\/\/www.circularsecondhand.org\/es\/wp-json\/wp\/v2\/media\/13601"}],"wp:attachment":[{"href":"https:\/\/www.circularsecondhand.org\/es\/wp-json\/wp\/v2\/media?parent=13608"}],"wp:term":[{"taxonomy":"product_brand","embeddable":true,"href":"https:\/\/www.circularsecondhand.org\/es\/wp-json\/wp\/v2\/product_brand?post=13608"},{"taxonomy":"product_cat","embeddable":true,"href":"https:\/\/www.circularsecondhand.org\/es\/wp-json\/wp\/v2\/product_cat?post=13608"},{"taxonomy":"product_tag","embeddable":true,"href":"https:\/\/www.circularsecondhand.org\/es\/wp-json\/wp\/v2\/product_tag?post=13608"},{"taxonomy":"product_brands","embeddable":true,"href":"https:\/\/www.circularsecondhand.org\/es\/wp-json\/wp\/v2\/product_brands?post=13608"}],"curies":[{"name":"wp","href":"https:\/\/api.w.org\/{rel}","templated":true}]}}