{"id":13545,"date":"2024-05-27T17:28:21","date_gmt":"2024-05-27T15:28:21","guid":{"rendered":"https:\/\/www.circularsecondhand.org\/camisa-estampada-negra-2\/"},"modified":"2024-05-27T17:28:21","modified_gmt":"2024-05-27T15:28:21","slug":"camisa-estampada-negra-2","status":"publish","type":"product","link":"https:\/\/www.circularsecondhand.org\/es\/camisa-estampada-negra-2\/","title":{"rendered":"Camisa estampada negra"},"content":{"rendered":"","protected":false},"excerpt":{"rendered":"<p>Esta camisa estampada negra es perfecta para aquellos que buscan un dise\u00f1o vers\u00e1til y cl\u00e1sico. Con su combinaci\u00f3n de blanco y negro, es f\u00e1cil de combinar con cualquier outfit y adecuado para cualquier ocasi\u00f3n. Ya sea para un look casual o m\u00e1s formal, esa camisa ser\u00e1 un b\u00e1sico en ti armario. \u00a1No te quedes sin la tuya!   <\/p>\n","protected":false},"featured_media":0,"comment_status":"closed","ping_status":"open","template":"","meta":{"_kad_blocks_custom_css":"","_kad_blocks_head_custom_js":"","_kad_blocks_body_custom_js":"","_kad_blocks_footer_custom_js":"","_kad_post_transparent":"","_kad_post_title":"","_kad_post_layout":"","_kad_post_sidebar_id":"","_kad_post_content_style":"","_kad_post_vertical_padding":"","_kad_post_feature":"","_kad_post_feature_position":"","_kad_post_header":false,"_kad_post_footer":false,"_kad_post_classname":""},"product_brand":[],"product_cat":[378],"product_tag":[582,130],"product_brands":[],"class_list":{"0":"post-13545","1":"product","2":"type-product","3":"status-publish","5":"product_cat-camisas-tallaje-masculino","6":"product_tag-primavera-verano","7":"product_tag-streetwear-es","9":"first","10":"instock","11":"sold-individually","12":"taxable","13":"shipping-taxable","14":"purchasable","15":"product-type-simple","16":"entry","17":"content-bg","18":"loop-entry"},"taxonomy_info":{"product_cat":[{"value":378,"label":"Camisas"}],"product_tag":[{"value":582,"label":"Primavera\/Verano"},{"value":130,"label":"Streetwear"}]},"featured_image_src_large":false,"author_info":[],"comment_info":0,"_links":{"self":[{"href":"https:\/\/www.circularsecondhand.org\/es\/wp-json\/wp\/v2\/product\/13545","targetHints":{"allow":["GET"]}}],"collection":[{"href":"https:\/\/www.circularsecondhand.org\/es\/wp-json\/wp\/v2\/product"}],"about":[{"href":"https:\/\/www.circularsecondhand.org\/es\/wp-json\/wp\/v2\/types\/product"}],"replies":[{"embeddable":true,"href":"https:\/\/www.circularsecondhand.org\/es\/wp-json\/wp\/v2\/comments?post=13545"}],"wp:attachment":[{"href":"https:\/\/www.circularsecondhand.org\/es\/wp-json\/wp\/v2\/media?parent=13545"}],"wp:term":[{"taxonomy":"product_brand","embeddable":true,"href":"https:\/\/www.circularsecondhand.org\/es\/wp-json\/wp\/v2\/product_brand?post=13545"},{"taxonomy":"product_cat","embeddable":true,"href":"https:\/\/www.circularsecondhand.org\/es\/wp-json\/wp\/v2\/product_cat?post=13545"},{"taxonomy":"product_tag","embeddable":true,"href":"https:\/\/www.circularsecondhand.org\/es\/wp-json\/wp\/v2\/product_tag?post=13545"},{"taxonomy":"product_brands","embeddable":true,"href":"https:\/\/www.circularsecondhand.org\/es\/wp-json\/wp\/v2\/product_brands?post=13545"}],"curies":[{"name":"wp","href":"https:\/\/api.w.org\/{rel}","templated":true}]}}