{"id":13534,"date":"2025-02-20T10:16:34","date_gmt":"2025-02-20T09:16:34","guid":{"rendered":"https:\/\/www.circularsecondhand.org\/estanteria-auxiliar\/"},"modified":"2025-03-13T09:01:30","modified_gmt":"2025-03-13T08:01:30","slug":"estanteria-auxiliar","status":"publish","type":"product","link":"https:\/\/www.circularsecondhand.org\/es\/estanteria-auxiliar\/","title":{"rendered":"Estanter\u00eda auxiliar"},"content":{"rendered":"","protected":false},"excerpt":{"rendered":"<p>Estanter\u00eda auxiliar met\u00e1lica sobre ruedas<\/p>\n<p>Este producto no se env\u00eda a domicilio. Habr\u00e1 que recogerlo personalmente en la tienda de Sant Joan Desp\u00ed, La Nau. <\/p>\n<p>Si tienes cualquier duda o quieres verla antes de comprarla, env\u00eda un WhatsApp con la referencia del producto al +34 685 75 25 52 o vis\u00edtanos en la Tienda Solidanza LA NAU (Raval de las Bebidas, 25, Sant Joan Desp\u00ed)<\/p>\n","protected":false},"featured_media":13538,"comment_status":"closed","ping_status":"closed","template":"","meta":{"_kad_blocks_custom_css":"","_kad_blocks_head_custom_js":"","_kad_blocks_body_custom_js":"","_kad_blocks_footer_custom_js":"","_kad_post_transparent":"","_kad_post_title":"","_kad_post_layout":"","_kad_post_sidebar_id":"","_kad_post_content_style":"","_kad_post_vertical_padding":"","_kad_post_feature":"","_kad_post_feature_position":"","_kad_post_header":false,"_kad_post_footer":false,"_kad_post_classname":""},"product_brand":[],"product_cat":[978],"product_tag":[994],"product_brands":[],"class_list":{"0":"post-13534","1":"product","2":"type-product","3":"status-publish","4":"has-post-thumbnail","6":"product_cat-muebles","7":"product_tag-mueble-clasico","9":"first","10":"outofstock","11":"sold-individually","12":"taxable","13":"shipping-taxable","14":"purchasable","15":"product-type-simple","16":"entry","17":"content-bg","18":"loop-entry"},"taxonomy_info":{"product_cat":[{"value":978,"label":"Muebles"}],"product_tag":[{"value":994,"label":"Mueble cl\u00e1sico"}]},"featured_image_src_large":["https:\/\/www.circularsecondhand.org\/wp-content\/uploads\/2025\/02\/MOEL11-768x1024.jpg",768,1024,true],"author_info":[],"comment_info":0,"_links":{"self":[{"href":"https:\/\/www.circularsecondhand.org\/es\/wp-json\/wp\/v2\/product\/13534","targetHints":{"allow":["GET"]}}],"collection":[{"href":"https:\/\/www.circularsecondhand.org\/es\/wp-json\/wp\/v2\/product"}],"about":[{"href":"https:\/\/www.circularsecondhand.org\/es\/wp-json\/wp\/v2\/types\/product"}],"replies":[{"embeddable":true,"href":"https:\/\/www.circularsecondhand.org\/es\/wp-json\/wp\/v2\/comments?post=13534"}],"wp:featuredmedia":[{"embeddable":true,"href":"https:\/\/www.circularsecondhand.org\/es\/wp-json\/wp\/v2\/media\/13538"}],"wp:attachment":[{"href":"https:\/\/www.circularsecondhand.org\/es\/wp-json\/wp\/v2\/media?parent=13534"}],"wp:term":[{"taxonomy":"product_brand","embeddable":true,"href":"https:\/\/www.circularsecondhand.org\/es\/wp-json\/wp\/v2\/product_brand?post=13534"},{"taxonomy":"product_cat","embeddable":true,"href":"https:\/\/www.circularsecondhand.org\/es\/wp-json\/wp\/v2\/product_cat?post=13534"},{"taxonomy":"product_tag","embeddable":true,"href":"https:\/\/www.circularsecondhand.org\/es\/wp-json\/wp\/v2\/product_tag?post=13534"},{"taxonomy":"product_brands","embeddable":true,"href":"https:\/\/www.circularsecondhand.org\/es\/wp-json\/wp\/v2\/product_brands?post=13534"}],"curies":[{"name":"wp","href":"https:\/\/api.w.org\/{rel}","templated":true}]}}