{"id":13275,"date":"2025-02-13T12:41:31","date_gmt":"2025-02-13T11:41:31","guid":{"rendered":"https:\/\/www.circularsecondhand.org\/falda-de-serpiente-de-cuero\/"},"modified":"2025-02-13T12:41:31","modified_gmt":"2025-02-13T11:41:31","slug":"falda-de-serpiente-de-cuero","status":"publish","type":"product","link":"https:\/\/www.circularsecondhand.org\/es\/falda-de-serpiente-de-cuero\/","title":{"rendered":"Falda de serpiente de cuero"},"content":{"rendered":"","protected":false},"excerpt":{"rendered":"<p>Elegante falda de cuero beige de la marca Luis Guirau, que imita la textura de escamas de animal. Perfecta para cualquier ocasi\u00f3n, su dise\u00f1o \u00fanico la convierte en una prenda imprescindible en tu armario. En perfectas condiciones y como nueva, esta falda es ideal para combinar con distintos estilos y accesorios. \u00a1No te pierdas la oportunidad de lucirla!   <\/p>\n","protected":false},"featured_media":13145,"comment_status":"closed","ping_status":"open","template":"","meta":{"_kad_blocks_custom_css":"","_kad_blocks_head_custom_js":"","_kad_blocks_body_custom_js":"","_kad_blocks_footer_custom_js":"","_kad_post_transparent":"","_kad_post_title":"","_kad_post_layout":"","_kad_post_sidebar_id":"","_kad_post_content_style":"","_kad_post_vertical_padding":"","_kad_post_feature":"","_kad_post_feature_position":"","_kad_post_header":false,"_kad_post_footer":false,"_kad_post_classname":""},"product_brand":[],"product_cat":[382],"product_tag":[584,131],"product_brands":[],"class_list":{"0":"post-13275","1":"product","2":"type-product","3":"status-publish","4":"has-post-thumbnail","6":"product_cat-faldas-tallaje-femenino","7":"product_tag-otono-invierno","8":"product_tag-vintage-es","10":"first","11":"instock","12":"sold-individually","13":"taxable","14":"shipping-taxable","15":"purchasable","16":"product-type-simple","17":"entry","18":"content-bg","19":"loop-entry"},"taxonomy_info":{"product_cat":[{"value":382,"label":"Faldas"}],"product_tag":[{"value":584,"label":"Oto\u00f1o\/Invierno"},{"value":131,"label":"Vintage"}]},"featured_image_src_large":["https:\/\/www.circularsecondhand.org\/wp-content\/uploads\/2025\/02\/792-768x1024.jpg",768,1024,true],"author_info":[],"comment_info":0,"_links":{"self":[{"href":"https:\/\/www.circularsecondhand.org\/es\/wp-json\/wp\/v2\/product\/13275","targetHints":{"allow":["GET"]}}],"collection":[{"href":"https:\/\/www.circularsecondhand.org\/es\/wp-json\/wp\/v2\/product"}],"about":[{"href":"https:\/\/www.circularsecondhand.org\/es\/wp-json\/wp\/v2\/types\/product"}],"replies":[{"embeddable":true,"href":"https:\/\/www.circularsecondhand.org\/es\/wp-json\/wp\/v2\/comments?post=13275"}],"wp:featuredmedia":[{"embeddable":true,"href":"https:\/\/www.circularsecondhand.org\/es\/wp-json\/wp\/v2\/media\/13145"}],"wp:attachment":[{"href":"https:\/\/www.circularsecondhand.org\/es\/wp-json\/wp\/v2\/media?parent=13275"}],"wp:term":[{"taxonomy":"product_brand","embeddable":true,"href":"https:\/\/www.circularsecondhand.org\/es\/wp-json\/wp\/v2\/product_brand?post=13275"},{"taxonomy":"product_cat","embeddable":true,"href":"https:\/\/www.circularsecondhand.org\/es\/wp-json\/wp\/v2\/product_cat?post=13275"},{"taxonomy":"product_tag","embeddable":true,"href":"https:\/\/www.circularsecondhand.org\/es\/wp-json\/wp\/v2\/product_tag?post=13275"},{"taxonomy":"product_brands","embeddable":true,"href":"https:\/\/www.circularsecondhand.org\/es\/wp-json\/wp\/v2\/product_brands?post=13275"}],"curies":[{"name":"wp","href":"https:\/\/api.w.org\/{rel}","templated":true}]}}