{"id":12500,"date":"2024-09-25T16:09:46","date_gmt":"2024-09-25T14:09:46","guid":{"rendered":"https:\/\/circularsecondhand.org\/deportivas-puma\/"},"modified":"2024-09-25T16:09:46","modified_gmt":"2024-09-25T14:09:46","slug":"deportivas-puma","status":"publish","type":"product","link":"https:\/\/www.circularsecondhand.org\/es\/deportivas-puma\/","title":{"rendered":"Deportivas Puma"},"content":{"rendered":"","protected":false},"excerpt":{"rendered":"<p>Descubre la fusi\u00f3n perfecta de estilo y comodidad con las deportivas Puma blancas con detalles en amarillo. Su dise\u00f1o moderno y vibrante no s\u00f3lo resalta en cualquier outfit, sino que tambi\u00e9n ofrece un soporte excepcional para tus actividades diarias. Ideal para quienes buscan un toque de energ\u00eda en su calzado, estas sneakers son el complemento perfecto para un look casual y din\u00e1mico.  <\/p>\n","protected":false},"featured_media":12273,"comment_status":"closed","ping_status":"closed","template":"","meta":{"_kad_blocks_custom_css":"","_kad_blocks_head_custom_js":"","_kad_blocks_body_custom_js":"","_kad_blocks_footer_custom_js":"","_kad_post_transparent":"","_kad_post_title":"","_kad_post_layout":"","_kad_post_sidebar_id":"","_kad_post_content_style":"","_kad_post_vertical_padding":"","_kad_post_feature":"","_kad_post_feature_position":"","_kad_post_header":false,"_kad_post_footer":false,"_kad_post_classname":""},"product_brand":[],"product_cat":[804],"product_tag":[130],"product_brands":[914],"class_list":{"0":"post-12500","1":"product","2":"type-product","3":"status-publish","4":"has-post-thumbnail","6":"product_cat-calzado","7":"product_tag-streetwear-es","8":"product_brands-puma-es","10":"first","11":"outofstock","12":"sold-individually","13":"taxable","14":"shipping-taxable","15":"purchasable","16":"product-type-simple","17":"entry","18":"content-bg","19":"loop-entry"},"taxonomy_info":{"product_cat":[{"value":804,"label":"Calzado"}],"product_tag":[{"value":130,"label":"Streetwear"}],"product_brands":[{"value":914,"label":"Puma"}]},"featured_image_src_large":["https:\/\/www.circularsecondhand.org\/wp-content\/uploads\/2024\/09\/740-768x1024.jpg",768,1024,true],"author_info":[],"comment_info":0,"_links":{"self":[{"href":"https:\/\/www.circularsecondhand.org\/es\/wp-json\/wp\/v2\/product\/12500","targetHints":{"allow":["GET"]}}],"collection":[{"href":"https:\/\/www.circularsecondhand.org\/es\/wp-json\/wp\/v2\/product"}],"about":[{"href":"https:\/\/www.circularsecondhand.org\/es\/wp-json\/wp\/v2\/types\/product"}],"replies":[{"embeddable":true,"href":"https:\/\/www.circularsecondhand.org\/es\/wp-json\/wp\/v2\/comments?post=12500"}],"wp:featuredmedia":[{"embeddable":true,"href":"https:\/\/www.circularsecondhand.org\/es\/wp-json\/wp\/v2\/media\/12273"}],"wp:attachment":[{"href":"https:\/\/www.circularsecondhand.org\/es\/wp-json\/wp\/v2\/media?parent=12500"}],"wp:term":[{"taxonomy":"product_brand","embeddable":true,"href":"https:\/\/www.circularsecondhand.org\/es\/wp-json\/wp\/v2\/product_brand?post=12500"},{"taxonomy":"product_cat","embeddable":true,"href":"https:\/\/www.circularsecondhand.org\/es\/wp-json\/wp\/v2\/product_cat?post=12500"},{"taxonomy":"product_tag","embeddable":true,"href":"https:\/\/www.circularsecondhand.org\/es\/wp-json\/wp\/v2\/product_tag?post=12500"},{"taxonomy":"product_brands","embeddable":true,"href":"https:\/\/www.circularsecondhand.org\/es\/wp-json\/wp\/v2\/product_brands?post=12500"}],"curies":[{"name":"wp","href":"https:\/\/api.w.org\/{rel}","templated":true}]}}