{"id":12493,"date":"2024-09-25T16:09:46","date_gmt":"2024-09-25T14:09:46","guid":{"rendered":"https:\/\/circularsecondhand.org\/sandalias-geox\/"},"modified":"2025-03-14T08:14:26","modified_gmt":"2025-03-14T07:14:26","slug":"sandalias-geox","status":"publish","type":"product","link":"https:\/\/www.circularsecondhand.org\/es\/sandalias-geox\/","title":{"rendered":"Sandalias Geox"},"content":{"rendered":"","protected":false},"excerpt":{"rendered":"<p>Descubre las sandalias Geox, confeccionadas en suave cuero y dise\u00f1adas con dos c\u00f3modas correas que brindan un ajuste perfecto. Ideales para cualquier ocasi\u00f3n, estas sandalias combinan estilo y confort, lo que permite que tus pies respiren mientras caminas con confianza. Perfectas para verano, son el complemento ideal para tus outfits m\u00e1s frescos.  <\/p>\n","protected":false},"featured_media":12264,"comment_status":"closed","ping_status":"closed","template":"","meta":{"_kad_blocks_custom_css":"","_kad_blocks_head_custom_js":"","_kad_blocks_body_custom_js":"","_kad_blocks_footer_custom_js":"","_kad_post_transparent":"","_kad_post_title":"","_kad_post_layout":"","_kad_post_sidebar_id":"","_kad_post_content_style":"","_kad_post_vertical_padding":"","_kad_post_feature":"","_kad_post_feature_position":"","_kad_post_header":false,"_kad_post_footer":false,"_kad_post_classname":""},"product_brand":[],"product_cat":[804],"product_tag":[152],"product_brands":[952],"class_list":{"0":"post-12493","1":"product","2":"type-product","3":"status-publish","4":"has-post-thumbnail","6":"product_cat-calzado","7":"product_tag-minimalista-es","8":"product_brands-geox-es","10":"first","11":"outofstock","12":"sold-individually","13":"taxable","14":"shipping-taxable","15":"purchasable","16":"product-type-simple","17":"entry","18":"content-bg","19":"loop-entry"},"taxonomy_info":{"product_cat":[{"value":804,"label":"Calzado"}],"product_tag":[{"value":152,"label":"Minimalista"}],"product_brands":[{"value":952,"label":"Geox"}]},"featured_image_src_large":["https:\/\/www.circularsecondhand.org\/wp-content\/uploads\/2024\/09\/739-768x1024.jpg",768,1024,true],"author_info":[],"comment_info":0,"_links":{"self":[{"href":"https:\/\/www.circularsecondhand.org\/es\/wp-json\/wp\/v2\/product\/12493","targetHints":{"allow":["GET"]}}],"collection":[{"href":"https:\/\/www.circularsecondhand.org\/es\/wp-json\/wp\/v2\/product"}],"about":[{"href":"https:\/\/www.circularsecondhand.org\/es\/wp-json\/wp\/v2\/types\/product"}],"replies":[{"embeddable":true,"href":"https:\/\/www.circularsecondhand.org\/es\/wp-json\/wp\/v2\/comments?post=12493"}],"wp:featuredmedia":[{"embeddable":true,"href":"https:\/\/www.circularsecondhand.org\/es\/wp-json\/wp\/v2\/media\/12264"}],"wp:attachment":[{"href":"https:\/\/www.circularsecondhand.org\/es\/wp-json\/wp\/v2\/media?parent=12493"}],"wp:term":[{"taxonomy":"product_brand","embeddable":true,"href":"https:\/\/www.circularsecondhand.org\/es\/wp-json\/wp\/v2\/product_brand?post=12493"},{"taxonomy":"product_cat","embeddable":true,"href":"https:\/\/www.circularsecondhand.org\/es\/wp-json\/wp\/v2\/product_cat?post=12493"},{"taxonomy":"product_tag","embeddable":true,"href":"https:\/\/www.circularsecondhand.org\/es\/wp-json\/wp\/v2\/product_tag?post=12493"},{"taxonomy":"product_brands","embeddable":true,"href":"https:\/\/www.circularsecondhand.org\/es\/wp-json\/wp\/v2\/product_brands?post=12493"}],"curies":[{"name":"wp","href":"https:\/\/api.w.org\/{rel}","templated":true}]}}