{"id":11492,"date":"2024-07-08T12:51:32","date_gmt":"2024-07-08T10:51:32","guid":{"rendered":"https:\/\/circularsecondhand.org\/camisa-tie-dye-pullbear\/"},"modified":"2024-07-15T13:02:10","modified_gmt":"2024-07-15T11:02:10","slug":"camisa-tie-dye-pullbear","status":"publish","type":"product","link":"https:\/\/www.circularsecondhand.org\/es\/camisa-tie-dye-pullbear\/","title":{"rendered":"Camisa tie dye Pull&amp;Bear"},"content":{"rendered":"","protected":false},"excerpt":{"rendered":"<p>Descubre la camisa tie dye de Pull&amp;Bear, una pieza \u00fanica que combina colores intensos y un estilo moderno. Confeccionada con materiales de alta calidad, esta camisa es perfecta para a\u00f1adirle un toque de color a tu armario. Sea para un look casual o para destacar en un evento, esta camisa tie dye te har\u00e1 lucir a la moda en cualquier ocasi\u00f3n.<\/p>\n","protected":false},"featured_media":11452,"comment_status":"closed","ping_status":"closed","template":"","meta":{"_kad_blocks_custom_css":"","_kad_blocks_head_custom_js":"","_kad_blocks_body_custom_js":"","_kad_blocks_footer_custom_js":"","_kad_post_transparent":"","_kad_post_title":"","_kad_post_layout":"","_kad_post_sidebar_id":"","_kad_post_content_style":"","_kad_post_vertical_padding":"","_kad_post_feature":"","_kad_post_feature_position":"","_kad_post_header":false,"_kad_post_footer":false,"_kad_post_classname":""},"product_brand":[],"product_cat":[378],"product_tag":[582,130],"product_brands":[900],"class_list":{"0":"post-11492","1":"product","2":"type-product","3":"status-publish","4":"has-post-thumbnail","6":"product_cat-camisas-tallaje-masculino","7":"product_tag-primavera-verano","8":"product_tag-streetwear-es","9":"product_brands-pullbear-es","11":"first","12":"instock","13":"sold-individually","14":"taxable","15":"shipping-taxable","16":"purchasable","17":"product-type-simple","18":"entry","19":"content-bg","20":"loop-entry"},"taxonomy_info":{"product_cat":[{"value":378,"label":"Camisas"}],"product_tag":[{"value":582,"label":"Primavera\/Verano"},{"value":130,"label":"Streetwear"}],"product_brands":[{"value":900,"label":"Pull&amp;Bear"}]},"featured_image_src_large":["https:\/\/www.circularsecondhand.org\/wp-content\/uploads\/2024\/07\/691-768x1024.jpg",768,1024,true],"author_info":[],"comment_info":0,"_links":{"self":[{"href":"https:\/\/www.circularsecondhand.org\/es\/wp-json\/wp\/v2\/product\/11492","targetHints":{"allow":["GET"]}}],"collection":[{"href":"https:\/\/www.circularsecondhand.org\/es\/wp-json\/wp\/v2\/product"}],"about":[{"href":"https:\/\/www.circularsecondhand.org\/es\/wp-json\/wp\/v2\/types\/product"}],"replies":[{"embeddable":true,"href":"https:\/\/www.circularsecondhand.org\/es\/wp-json\/wp\/v2\/comments?post=11492"}],"wp:featuredmedia":[{"embeddable":true,"href":"https:\/\/www.circularsecondhand.org\/es\/wp-json\/wp\/v2\/media\/11452"}],"wp:attachment":[{"href":"https:\/\/www.circularsecondhand.org\/es\/wp-json\/wp\/v2\/media?parent=11492"}],"wp:term":[{"taxonomy":"product_brand","embeddable":true,"href":"https:\/\/www.circularsecondhand.org\/es\/wp-json\/wp\/v2\/product_brand?post=11492"},{"taxonomy":"product_cat","embeddable":true,"href":"https:\/\/www.circularsecondhand.org\/es\/wp-json\/wp\/v2\/product_cat?post=11492"},{"taxonomy":"product_tag","embeddable":true,"href":"https:\/\/www.circularsecondhand.org\/es\/wp-json\/wp\/v2\/product_tag?post=11492"},{"taxonomy":"product_brands","embeddable":true,"href":"https:\/\/www.circularsecondhand.org\/es\/wp-json\/wp\/v2\/product_brands?post=11492"}],"curies":[{"name":"wp","href":"https:\/\/api.w.org\/{rel}","templated":true}]}}