{"id":11488,"date":"2025-06-16T16:51:32","date_gmt":"2025-06-16T14:51:32","guid":{"rendered":"https:\/\/circularsecondhand.org\/camiseta-baloncesto-dbsn-sport\/"},"modified":"2024-07-08T12:51:32","modified_gmt":"2024-07-08T10:51:32","slug":"camiseta-baloncesto-dbsn-sport","status":"publish","type":"product","link":"https:\/\/www.circularsecondhand.org\/es\/camiseta-baloncesto-dbsn-sport\/","title":{"rendered":"Camiseta baloncesto DBSN Sport"},"content":{"rendered":"","protected":false},"excerpt":{"rendered":"<p>Esta camiseta de baloncesto amarilla con el n\u00famero 23 es perfecta para los aficionados que quieren lucir como su \u00eddolo en pista. Fabricada por DBSN Sport con un dise\u00f1o cl\u00e1sico y un ajuste c\u00f3modo, esta camiseta es ideal para cualquier amante del baloncesto.<\/p>\n","protected":false},"featured_media":15599,"comment_status":"closed","ping_status":"closed","template":"","meta":{"_kad_blocks_custom_css":"","_kad_blocks_head_custom_js":"","_kad_blocks_body_custom_js":"","_kad_blocks_footer_custom_js":"","_kad_post_transparent":"","_kad_post_title":"","_kad_post_layout":"","_kad_post_sidebar_id":"","_kad_post_content_style":"","_kad_post_vertical_padding":"","_kad_post_feature":"","_kad_post_feature_position":"","_kad_post_header":false,"_kad_post_footer":false,"_kad_post_classname":""},"product_brand":[],"product_cat":[361],"product_tag":[582,130],"product_brands":[897],"class_list":{"0":"post-11488","1":"product","2":"type-product","3":"status-publish","4":"has-post-thumbnail","6":"product_cat-camisetas-tallaje-masculino","7":"product_tag-primavera-verano","8":"product_tag-streetwear-es","9":"product_brands-dbsn-sport-es","11":"first","12":"instock","13":"sold-individually","14":"taxable","15":"shipping-taxable","16":"purchasable","17":"product-type-simple","18":"entry","19":"content-bg","20":"loop-entry"},"taxonomy_info":{"product_cat":[{"value":361,"label":"Camisetas"}],"product_tag":[{"value":582,"label":"Primavera\/Verano"},{"value":130,"label":"Streetwear"}],"product_brands":[{"value":897,"label":"DBSN Sport"}]},"featured_image_src_large":["https:\/\/www.circularsecondhand.org\/wp-content\/uploads\/2024\/07\/686-1-768x1024.jpg",768,1024,true],"author_info":[],"comment_info":0,"_links":{"self":[{"href":"https:\/\/www.circularsecondhand.org\/es\/wp-json\/wp\/v2\/product\/11488","targetHints":{"allow":["GET"]}}],"collection":[{"href":"https:\/\/www.circularsecondhand.org\/es\/wp-json\/wp\/v2\/product"}],"about":[{"href":"https:\/\/www.circularsecondhand.org\/es\/wp-json\/wp\/v2\/types\/product"}],"replies":[{"embeddable":true,"href":"https:\/\/www.circularsecondhand.org\/es\/wp-json\/wp\/v2\/comments?post=11488"}],"wp:featuredmedia":[{"embeddable":true,"href":"https:\/\/www.circularsecondhand.org\/es\/wp-json\/wp\/v2\/media\/15599"}],"wp:attachment":[{"href":"https:\/\/www.circularsecondhand.org\/es\/wp-json\/wp\/v2\/media?parent=11488"}],"wp:term":[{"taxonomy":"product_brand","embeddable":true,"href":"https:\/\/www.circularsecondhand.org\/es\/wp-json\/wp\/v2\/product_brand?post=11488"},{"taxonomy":"product_cat","embeddable":true,"href":"https:\/\/www.circularsecondhand.org\/es\/wp-json\/wp\/v2\/product_cat?post=11488"},{"taxonomy":"product_tag","embeddable":true,"href":"https:\/\/www.circularsecondhand.org\/es\/wp-json\/wp\/v2\/product_tag?post=11488"},{"taxonomy":"product_brands","embeddable":true,"href":"https:\/\/www.circularsecondhand.org\/es\/wp-json\/wp\/v2\/product_brands?post=11488"}],"curies":[{"name":"wp","href":"https:\/\/api.w.org\/{rel}","templated":true}]}}