{"id":10776,"date":"2024-06-28T10:26:12","date_gmt":"2024-06-28T08:26:12","guid":{"rendered":"https:\/\/circularsecondhand.org\/camisa-de-cuadros-dockers\/"},"modified":"2024-06-28T10:26:12","modified_gmt":"2024-06-28T08:26:12","slug":"camisa-de-cuadros-dockers","status":"publish","type":"product","link":"https:\/\/www.circularsecondhand.org\/es\/camisa-de-cuadros-dockers\/","title":{"rendered":"Camisa de cuadros Dockers"},"content":{"rendered":"","protected":false},"excerpt":{"rendered":"<p>\u00a1Descubre la camisa de cuadros Dockers que te har\u00e1 destacar en cualquier ocasi\u00f3n! Confeccionada en una combinaci\u00f3n de colores amarillo y naranja intensos, esta camisa es perfecta para a\u00f1adir un toque de estilo a tu guardarropa. Su dise\u00f1o cl\u00e1sico de cuadros le da un aspecto moderno y sofisticado. Hecha con materiales de alta calidad, esta camisa te brindar\u00e1 comodidad y durabilidad. \u00a1No pierdas la oportunidad de lucir a la moda con esta camisa de cuadros Dockers!<\/p>\n","protected":false},"featured_media":10664,"comment_status":"closed","ping_status":"open","template":"","meta":{"_kad_blocks_custom_css":"","_kad_blocks_head_custom_js":"","_kad_blocks_body_custom_js":"","_kad_blocks_footer_custom_js":"","_kad_post_transparent":"","_kad_post_title":"","_kad_post_layout":"","_kad_post_sidebar_id":"","_kad_post_content_style":"","_kad_post_vertical_padding":"","_kad_post_feature":"","_kad_post_feature_position":"","_kad_post_header":false,"_kad_post_footer":false,"_kad_post_classname":""},"product_brand":[],"product_cat":[378],"product_tag":[129,582],"product_brands":[813],"class_list":{"0":"post-10776","1":"product","2":"type-product","3":"status-publish","4":"has-post-thumbnail","6":"product_cat-camisas-tallaje-masculino","7":"product_tag-basicos","8":"product_tag-primavera-verano","9":"product_brands-dockers-es","11":"first","12":"instock","13":"sold-individually","14":"taxable","15":"shipping-taxable","16":"purchasable","17":"product-type-simple","18":"entry","19":"content-bg","20":"loop-entry"},"taxonomy_info":{"product_cat":[{"value":378,"label":"Camisas"}],"product_tag":[{"value":129,"label":"B\u00e1sicos"},{"value":582,"label":"Primavera\/Verano"}],"product_brands":[{"value":813,"label":"Dockers"}]},"featured_image_src_large":["https:\/\/www.circularsecondhand.org\/wp-content\/uploads\/2024\/06\/669-768x1024.jpg",768,1024,true],"author_info":[],"comment_info":0,"_links":{"self":[{"href":"https:\/\/www.circularsecondhand.org\/es\/wp-json\/wp\/v2\/product\/10776","targetHints":{"allow":["GET"]}}],"collection":[{"href":"https:\/\/www.circularsecondhand.org\/es\/wp-json\/wp\/v2\/product"}],"about":[{"href":"https:\/\/www.circularsecondhand.org\/es\/wp-json\/wp\/v2\/types\/product"}],"replies":[{"embeddable":true,"href":"https:\/\/www.circularsecondhand.org\/es\/wp-json\/wp\/v2\/comments?post=10776"}],"wp:featuredmedia":[{"embeddable":true,"href":"https:\/\/www.circularsecondhand.org\/es\/wp-json\/wp\/v2\/media\/10664"}],"wp:attachment":[{"href":"https:\/\/www.circularsecondhand.org\/es\/wp-json\/wp\/v2\/media?parent=10776"}],"wp:term":[{"taxonomy":"product_brand","embeddable":true,"href":"https:\/\/www.circularsecondhand.org\/es\/wp-json\/wp\/v2\/product_brand?post=10776"},{"taxonomy":"product_cat","embeddable":true,"href":"https:\/\/www.circularsecondhand.org\/es\/wp-json\/wp\/v2\/product_cat?post=10776"},{"taxonomy":"product_tag","embeddable":true,"href":"https:\/\/www.circularsecondhand.org\/es\/wp-json\/wp\/v2\/product_tag?post=10776"},{"taxonomy":"product_brands","embeddable":true,"href":"https:\/\/www.circularsecondhand.org\/es\/wp-json\/wp\/v2\/product_brands?post=10776"}],"curies":[{"name":"wp","href":"https:\/\/api.w.org\/{rel}","templated":true}]}}