{"id":10764,"date":"2025-06-16T10:26:12","date_gmt":"2025-06-16T08:26:12","guid":{"rendered":"https:\/\/circularsecondhand.org\/polo-lacoste-fucsia\/"},"modified":"2024-06-28T10:26:12","modified_gmt":"2024-06-28T08:26:12","slug":"polo-lacoste-fucsia","status":"publish","type":"product","link":"https:\/\/www.circularsecondhand.org\/es\/polo-lacoste-fucsia\/","title":{"rendered":"Polo Lacoste fucsia"},"content":{"rendered":"","protected":false},"excerpt":{"rendered":"<p>\u00a1Destaca con estilo con este polo fucsia de Lacoste! Confeccionada en un suave y c\u00f3modo tejido, este polo de color rosa intenso es perfecta para a\u00f1adir un toque de elegancia a tu guardarropa. Su dise\u00f1o cl\u00e1sico y atemporal combina a la perfecci\u00f3n con cualquier outfit, sea casual o formal. Adem\u00e1s, su tono fucsia le da un toque moderno y llamativo. \u00a1No pierdas la oportunidad de lucir a la moda con este polo Lacoste fucsia!<\/p>\n","protected":false},"featured_media":15577,"comment_status":"closed","ping_status":"closed","template":"","meta":{"_kad_blocks_custom_css":"","_kad_blocks_head_custom_js":"","_kad_blocks_body_custom_js":"","_kad_blocks_footer_custom_js":"","_kad_post_transparent":"","_kad_post_title":"","_kad_post_layout":"","_kad_post_sidebar_id":"","_kad_post_content_style":"","_kad_post_vertical_padding":"","_kad_post_feature":"","_kad_post_feature_position":"","_kad_post_header":false,"_kad_post_footer":false,"_kad_post_classname":""},"product_brand":[],"product_cat":[361],"product_tag":[152,582],"product_brands":[489],"class_list":{"0":"post-10764","1":"product","2":"type-product","3":"status-publish","4":"has-post-thumbnail","6":"product_cat-camisetas-tallaje-masculino","7":"product_tag-minimalista-es","8":"product_tag-primavera-verano","9":"product_brands-lacoste-es","11":"first","12":"instock","13":"sold-individually","14":"taxable","15":"shipping-taxable","16":"purchasable","17":"product-type-simple","18":"entry","19":"content-bg","20":"loop-entry"},"taxonomy_info":{"product_cat":[{"value":361,"label":"Camisetas"}],"product_tag":[{"value":152,"label":"Minimalista"},{"value":582,"label":"Primavera\/Verano"}],"product_brands":[{"value":489,"label":"Lacoste"}]},"featured_image_src_large":["https:\/\/www.circularsecondhand.org\/wp-content\/uploads\/2024\/06\/680-1-768x1024.jpg",768,1024,true],"author_info":[],"comment_info":0,"_links":{"self":[{"href":"https:\/\/www.circularsecondhand.org\/es\/wp-json\/wp\/v2\/product\/10764","targetHints":{"allow":["GET"]}}],"collection":[{"href":"https:\/\/www.circularsecondhand.org\/es\/wp-json\/wp\/v2\/product"}],"about":[{"href":"https:\/\/www.circularsecondhand.org\/es\/wp-json\/wp\/v2\/types\/product"}],"replies":[{"embeddable":true,"href":"https:\/\/www.circularsecondhand.org\/es\/wp-json\/wp\/v2\/comments?post=10764"}],"wp:featuredmedia":[{"embeddable":true,"href":"https:\/\/www.circularsecondhand.org\/es\/wp-json\/wp\/v2\/media\/15577"}],"wp:attachment":[{"href":"https:\/\/www.circularsecondhand.org\/es\/wp-json\/wp\/v2\/media?parent=10764"}],"wp:term":[{"taxonomy":"product_brand","embeddable":true,"href":"https:\/\/www.circularsecondhand.org\/es\/wp-json\/wp\/v2\/product_brand?post=10764"},{"taxonomy":"product_cat","embeddable":true,"href":"https:\/\/www.circularsecondhand.org\/es\/wp-json\/wp\/v2\/product_cat?post=10764"},{"taxonomy":"product_tag","embeddable":true,"href":"https:\/\/www.circularsecondhand.org\/es\/wp-json\/wp\/v2\/product_tag?post=10764"},{"taxonomy":"product_brands","embeddable":true,"href":"https:\/\/www.circularsecondhand.org\/es\/wp-json\/wp\/v2\/product_brands?post=10764"}],"curies":[{"name":"wp","href":"https:\/\/api.w.org\/{rel}","templated":true}]}}