{"id":10328,"date":"2024-06-17T10:07:34","date_gmt":"2024-06-17T08:07:34","guid":{"rendered":"https:\/\/circularsecondhand.org\/camiseta-de-tirantes-aqua-spirit\/"},"modified":"2025-01-31T10:37:03","modified_gmt":"2025-01-31T09:37:03","slug":"camiseta-de-tirantes-aqua-spirit","status":"publish","type":"product","link":"https:\/\/www.circularsecondhand.org\/es\/camiseta-de-tirantes-aqua-spirit\/","title":{"rendered":"Camiseta de tirantes Aqua Spirit"},"content":{"rendered":"","protected":false},"excerpt":{"rendered":"<p>\u00a1Descubre la camiseta de tirantes Aqua Spirit! Este top morado es la prenda perfecta para lucir a la moda en cualquier ocasi\u00f3n. Confeccionado con materiales de alta calidad, su moderno y femenino dise\u00f1o te har\u00e1 destacar entre la multitud. Comb\u00ednalo con tus pantalones o faldas favoritas para crear looks \u00fanicos y sofisticados. \u00a1No pierdas la oportunidad de a\u00f1adir este hermoso top a tu guardarropa!<\/p>\n","protected":false},"featured_media":10220,"comment_status":"closed","ping_status":"closed","template":"","meta":{"_kad_blocks_custom_css":"","_kad_blocks_head_custom_js":"","_kad_blocks_body_custom_js":"","_kad_blocks_footer_custom_js":"","_kad_post_transparent":"","_kad_post_title":"","_kad_post_layout":"","_kad_post_sidebar_id":"","_kad_post_content_style":"","_kad_post_vertical_padding":"","_kad_post_feature":"","_kad_post_feature_position":"","_kad_post_header":false,"_kad_post_footer":false,"_kad_post_classname":""},"product_brand":[],"product_cat":[383,1020],"product_tag":[129,582],"product_brands":[784],"class_list":{"0":"post-10328","1":"product","2":"type-product","3":"status-publish","4":"has-post-thumbnail","6":"product_cat-camisetas-tallaje-femenino","7":"product_cat-liquidacion","8":"product_tag-basicos","9":"product_tag-primavera-verano","10":"product_brands-aqua-spirit-es","12":"first","13":"instock","14":"sale","15":"sold-individually","16":"taxable","17":"shipping-taxable","18":"purchasable","19":"product-type-simple","20":"entry","21":"content-bg","22":"loop-entry"},"taxonomy_info":{"product_cat":[{"value":383,"label":"Camisetas"},{"value":1020,"label":"Liquidaci\u00f3n"}],"product_tag":[{"value":129,"label":"B\u00e1sicos"},{"value":582,"label":"Primavera\/Verano"}],"product_brands":[{"value":784,"label":"Aqua Spirit"}]},"featured_image_src_large":["https:\/\/www.circularsecondhand.org\/wp-content\/uploads\/2024\/06\/576-768x1024.jpg",768,1024,true],"author_info":[],"comment_info":0,"_links":{"self":[{"href":"https:\/\/www.circularsecondhand.org\/es\/wp-json\/wp\/v2\/product\/10328","targetHints":{"allow":["GET"]}}],"collection":[{"href":"https:\/\/www.circularsecondhand.org\/es\/wp-json\/wp\/v2\/product"}],"about":[{"href":"https:\/\/www.circularsecondhand.org\/es\/wp-json\/wp\/v2\/types\/product"}],"replies":[{"embeddable":true,"href":"https:\/\/www.circularsecondhand.org\/es\/wp-json\/wp\/v2\/comments?post=10328"}],"wp:featuredmedia":[{"embeddable":true,"href":"https:\/\/www.circularsecondhand.org\/es\/wp-json\/wp\/v2\/media\/10220"}],"wp:attachment":[{"href":"https:\/\/www.circularsecondhand.org\/es\/wp-json\/wp\/v2\/media?parent=10328"}],"wp:term":[{"taxonomy":"product_brand","embeddable":true,"href":"https:\/\/www.circularsecondhand.org\/es\/wp-json\/wp\/v2\/product_brand?post=10328"},{"taxonomy":"product_cat","embeddable":true,"href":"https:\/\/www.circularsecondhand.org\/es\/wp-json\/wp\/v2\/product_cat?post=10328"},{"taxonomy":"product_tag","embeddable":true,"href":"https:\/\/www.circularsecondhand.org\/es\/wp-json\/wp\/v2\/product_tag?post=10328"},{"taxonomy":"product_brands","embeddable":true,"href":"https:\/\/www.circularsecondhand.org\/es\/wp-json\/wp\/v2\/product_brands?post=10328"}],"curies":[{"name":"wp","href":"https:\/\/api.w.org\/{rel}","templated":true}]}}