{"id":10327,"date":"2024-06-17T10:07:34","date_gmt":"2024-06-17T08:07:34","guid":{"rendered":"https:\/\/circularsecondhand.org\/jeans-azules-levis\/"},"modified":"2024-07-09T07:06:12","modified_gmt":"2024-07-09T05:06:12","slug":"jeans-azules-levis","status":"publish","type":"product","link":"https:\/\/www.circularsecondhand.org\/es\/jeans-azules-levis\/","title":{"rendered":"Jeans azules Levi&#8217;s"},"content":{"rendered":"","protected":false},"excerpt":{"rendered":"<p>Estos vaqueros Levi&#8217;s azules son la prenda perfecta para cualquier ocasi\u00f3n. Confeccionados con la mejor calidad de tela, estos jeans son c\u00f3modos y duraderos. El dise\u00f1o cl\u00e1sico y atemporal de estos vaqueros les convierte en un b\u00e1sico imprescindible en cualquier armario. Sea para un look casual o m\u00e1s elegante, estos Levi&#8217;s son la elecci\u00f3n ideal para lucir a la moda y sentirse c\u00f3modo al mismo tiempo. \u00a1Hazte con ellos ahora y a\u00f1\u00e1delos a tu colecci\u00f3n!<\/p>\n","protected":false},"featured_media":10199,"comment_status":"closed","ping_status":"open","template":"","meta":{"_kad_blocks_custom_css":"","_kad_blocks_head_custom_js":"","_kad_blocks_body_custom_js":"","_kad_blocks_footer_custom_js":"","_kad_post_transparent":"","_kad_post_title":"","_kad_post_layout":"","_kad_post_sidebar_id":"","_kad_post_content_style":"","_kad_post_vertical_padding":"","_kad_post_feature":"","_kad_post_feature_position":"","_kad_post_header":false,"_kad_post_footer":false,"_kad_post_classname":""},"product_brand":[],"product_cat":[594],"product_tag":[584,131],"product_brands":[494],"class_list":{"0":"post-10327","1":"product","2":"type-product","3":"status-publish","4":"has-post-thumbnail","6":"product_cat-jeans-tallaje-masculino","7":"product_tag-otono-invierno","8":"product_tag-vintage-es","9":"product_brands-levis-es","11":"first","12":"outofstock","13":"sold-individually","14":"taxable","15":"shipping-taxable","16":"purchasable","17":"product-type-simple","18":"entry","19":"content-bg","20":"loop-entry"},"taxonomy_info":{"product_cat":[{"value":594,"label":"Jeans"}],"product_tag":[{"value":584,"label":"Oto\u00f1o\/Invierno"},{"value":131,"label":"Vintage"}],"product_brands":[{"value":494,"label":"Levi&#039;s"}]},"featured_image_src_large":["https:\/\/www.circularsecondhand.org\/wp-content\/uploads\/2024\/06\/573-768x1024.jpg",768,1024,true],"author_info":[],"comment_info":0,"_links":{"self":[{"href":"https:\/\/www.circularsecondhand.org\/es\/wp-json\/wp\/v2\/product\/10327","targetHints":{"allow":["GET"]}}],"collection":[{"href":"https:\/\/www.circularsecondhand.org\/es\/wp-json\/wp\/v2\/product"}],"about":[{"href":"https:\/\/www.circularsecondhand.org\/es\/wp-json\/wp\/v2\/types\/product"}],"replies":[{"embeddable":true,"href":"https:\/\/www.circularsecondhand.org\/es\/wp-json\/wp\/v2\/comments?post=10327"}],"wp:featuredmedia":[{"embeddable":true,"href":"https:\/\/www.circularsecondhand.org\/es\/wp-json\/wp\/v2\/media\/10199"}],"wp:attachment":[{"href":"https:\/\/www.circularsecondhand.org\/es\/wp-json\/wp\/v2\/media?parent=10327"}],"wp:term":[{"taxonomy":"product_brand","embeddable":true,"href":"https:\/\/www.circularsecondhand.org\/es\/wp-json\/wp\/v2\/product_brand?post=10327"},{"taxonomy":"product_cat","embeddable":true,"href":"https:\/\/www.circularsecondhand.org\/es\/wp-json\/wp\/v2\/product_cat?post=10327"},{"taxonomy":"product_tag","embeddable":true,"href":"https:\/\/www.circularsecondhand.org\/es\/wp-json\/wp\/v2\/product_tag?post=10327"},{"taxonomy":"product_brands","embeddable":true,"href":"https:\/\/www.circularsecondhand.org\/es\/wp-json\/wp\/v2\/product_brands?post=10327"}],"curies":[{"name":"wp","href":"https:\/\/api.w.org\/{rel}","templated":true}]}}