{"id":10321,"date":"2024-06-17T10:07:34","date_gmt":"2024-06-17T08:07:34","guid":{"rendered":"https:\/\/circularsecondhand.org\/pantalon-de-chandal-multicolor-adidas\/"},"modified":"2024-06-29T18:28:44","modified_gmt":"2024-06-29T16:28:44","slug":"pantalon-de-chandal-multicolor-adidas","status":"publish","type":"product","link":"https:\/\/www.circularsecondhand.org\/es\/pantalon-de-chandal-multicolor-adidas\/","title":{"rendered":"Pantal\u00f3n de ch\u00e1ndal multicolor Adidas"},"content":{"rendered":"","protected":false},"excerpt":{"rendered":"<p>\u00a1Estos pantalones de ch\u00e1ndal multicolor de Adidas son simplemente geniales! Con un vibrante color morado y parches coloreados, estos pantalones son perfectos para a\u00f1adir un toque de diversi\u00f3n a tu guardarropa. Hechos con materiales de alta calidad, te brindar\u00e1n comodidad y estilo mientras te ejercitas o simplemente te relajas. \u00a1No te pierdas la oportunidad de lucir a la moda con estos incre\u00edbles pantalones Adidas!<\/p>\n","protected":false},"featured_media":10262,"comment_status":"closed","ping_status":"open","template":"","meta":{"_kad_blocks_custom_css":"","_kad_blocks_head_custom_js":"","_kad_blocks_body_custom_js":"","_kad_blocks_footer_custom_js":"","_kad_post_transparent":"","_kad_post_title":"","_kad_post_layout":"","_kad_post_sidebar_id":"","_kad_post_content_style":"","_kad_post_vertical_padding":"","_kad_post_feature":"","_kad_post_feature_position":"","_kad_post_header":false,"_kad_post_footer":false,"_kad_post_classname":""},"product_brand":[],"product_cat":[410],"product_tag":[584,130],"product_brands":[644],"class_list":{"0":"post-10321","1":"product","2":"type-product","3":"status-publish","4":"has-post-thumbnail","6":"product_cat-pantalones-tallaje-masculino","7":"product_tag-otono-invierno","8":"product_tag-streetwear-es","9":"product_brands-adidas-es","11":"first","12":"outofstock","13":"sold-individually","14":"taxable","15":"shipping-taxable","16":"purchasable","17":"product-type-simple","18":"entry","19":"content-bg","20":"loop-entry"},"taxonomy_info":{"product_cat":[{"value":410,"label":"Pantalones"}],"product_tag":[{"value":584,"label":"Oto\u00f1o\/Invierno"},{"value":130,"label":"Streetwear"}],"product_brands":[{"value":644,"label":"Adidas"}]},"featured_image_src_large":["https:\/\/www.circularsecondhand.org\/wp-content\/uploads\/2024\/06\/582-768x1024.jpg",768,1024,true],"author_info":[],"comment_info":0,"_links":{"self":[{"href":"https:\/\/www.circularsecondhand.org\/es\/wp-json\/wp\/v2\/product\/10321","targetHints":{"allow":["GET"]}}],"collection":[{"href":"https:\/\/www.circularsecondhand.org\/es\/wp-json\/wp\/v2\/product"}],"about":[{"href":"https:\/\/www.circularsecondhand.org\/es\/wp-json\/wp\/v2\/types\/product"}],"replies":[{"embeddable":true,"href":"https:\/\/www.circularsecondhand.org\/es\/wp-json\/wp\/v2\/comments?post=10321"}],"wp:featuredmedia":[{"embeddable":true,"href":"https:\/\/www.circularsecondhand.org\/es\/wp-json\/wp\/v2\/media\/10262"}],"wp:attachment":[{"href":"https:\/\/www.circularsecondhand.org\/es\/wp-json\/wp\/v2\/media?parent=10321"}],"wp:term":[{"taxonomy":"product_brand","embeddable":true,"href":"https:\/\/www.circularsecondhand.org\/es\/wp-json\/wp\/v2\/product_brand?post=10321"},{"taxonomy":"product_cat","embeddable":true,"href":"https:\/\/www.circularsecondhand.org\/es\/wp-json\/wp\/v2\/product_cat?post=10321"},{"taxonomy":"product_tag","embeddable":true,"href":"https:\/\/www.circularsecondhand.org\/es\/wp-json\/wp\/v2\/product_tag?post=10321"},{"taxonomy":"product_brands","embeddable":true,"href":"https:\/\/www.circularsecondhand.org\/es\/wp-json\/wp\/v2\/product_brands?post=10321"}],"curies":[{"name":"wp","href":"https:\/\/api.w.org\/{rel}","templated":true}]}}