{"id":10020,"date":"2024-06-07T12:34:37","date_gmt":"2024-06-07T10:34:37","guid":{"rendered":"https:\/\/circularsecondhand.org\/polo-manga-larga-amarillo-lacoste\/"},"modified":"2024-08-17T22:33:46","modified_gmt":"2024-08-17T20:33:46","slug":"polo-manga-larga-amarillo-lacoste","status":"publish","type":"product","link":"https:\/\/www.circularsecondhand.org\/es\/polo-manga-larga-amarillo-lacoste\/","title":{"rendered":"Polo manga larga amarillo Lacoste"},"content":{"rendered":"","protected":false},"excerpt":{"rendered":"<p>\u00a1Destaca con estilo con este polo amarillo de manga larga Lacoste! Confeccionado con los mejores materiales, esta prenda te brinda comodidad y elegancia al mismo tiempo. El color amarillo te har\u00e1 destacar en cualquier ocasi\u00f3n mientras que el dise\u00f1o cl\u00e1sico de Lacoste te asegura un look sofisticado. \u00a1No pierdas la oportunidad de lucir impecable con este polo de Lacoste!<\/p>\n","protected":false},"featured_media":10009,"comment_status":"closed","ping_status":"open","template":"","meta":{"_kad_blocks_custom_css":"","_kad_blocks_head_custom_js":"","_kad_blocks_body_custom_js":"","_kad_blocks_footer_custom_js":"","_kad_post_transparent":"","_kad_post_title":"","_kad_post_layout":"","_kad_post_sidebar_id":"","_kad_post_content_style":"","_kad_post_vertical_padding":"","_kad_post_feature":"","_kad_post_feature_position":"","_kad_post_header":false,"_kad_post_footer":false,"_kad_post_classname":""},"product_brand":[],"product_cat":[361],"product_tag":[129,584],"product_brands":[489],"class_list":{"0":"post-10020","1":"product","2":"type-product","3":"status-publish","4":"has-post-thumbnail","6":"product_cat-camisetas-tallaje-masculino","7":"product_tag-basicos","8":"product_tag-otono-invierno","9":"product_brands-lacoste-es","11":"first","12":"outofstock","13":"sold-individually","14":"taxable","15":"shipping-taxable","16":"purchasable","17":"product-type-simple","18":"entry","19":"content-bg","20":"loop-entry"},"taxonomy_info":{"product_cat":[{"value":361,"label":"Camisetas"}],"product_tag":[{"value":129,"label":"B\u00e1sicos"},{"value":584,"label":"Oto\u00f1o\/Invierno"}],"product_brands":[{"value":489,"label":"Lacoste"}]},"featured_image_src_large":["https:\/\/www.circularsecondhand.org\/wp-content\/uploads\/2024\/06\/570-768x1024.jpg",768,1024,true],"author_info":[],"comment_info":0,"_links":{"self":[{"href":"https:\/\/www.circularsecondhand.org\/es\/wp-json\/wp\/v2\/product\/10020","targetHints":{"allow":["GET"]}}],"collection":[{"href":"https:\/\/www.circularsecondhand.org\/es\/wp-json\/wp\/v2\/product"}],"about":[{"href":"https:\/\/www.circularsecondhand.org\/es\/wp-json\/wp\/v2\/types\/product"}],"replies":[{"embeddable":true,"href":"https:\/\/www.circularsecondhand.org\/es\/wp-json\/wp\/v2\/comments?post=10020"}],"wp:featuredmedia":[{"embeddable":true,"href":"https:\/\/www.circularsecondhand.org\/es\/wp-json\/wp\/v2\/media\/10009"}],"wp:attachment":[{"href":"https:\/\/www.circularsecondhand.org\/es\/wp-json\/wp\/v2\/media?parent=10020"}],"wp:term":[{"taxonomy":"product_brand","embeddable":true,"href":"https:\/\/www.circularsecondhand.org\/es\/wp-json\/wp\/v2\/product_brand?post=10020"},{"taxonomy":"product_cat","embeddable":true,"href":"https:\/\/www.circularsecondhand.org\/es\/wp-json\/wp\/v2\/product_cat?post=10020"},{"taxonomy":"product_tag","embeddable":true,"href":"https:\/\/www.circularsecondhand.org\/es\/wp-json\/wp\/v2\/product_tag?post=10020"},{"taxonomy":"product_brands","embeddable":true,"href":"https:\/\/www.circularsecondhand.org\/es\/wp-json\/wp\/v2\/product_brands?post=10020"}],"curies":[{"name":"wp","href":"https:\/\/api.w.org\/{rel}","templated":true}]}}