{"id":3309,"date":"2024-02-12T12:37:12","date_gmt":"2024-02-12T11:37:12","guid":{"rendered":"https:\/\/circularsecondhand.con2webs.es\/?page_id=3309"},"modified":"2025-03-13T09:01:43","modified_gmt":"2025-03-13T08:01:43","slug":"trabaja-con-nosotros","status":"publish","type":"page","link":"https:\/\/www.circularsecondhand.org\/es\/trabaja-con-nosotros\/","title":{"rendered":"Trabaja con nosotros"},"content":{"rendered":"<style>.kb-row-layout-id3308_155d60-62 > .kt-row-column-wrap{align-content:start;}:where(.kb-row-layout-id3308_155d60-62 > .kt-row-column-wrap) > .wp-block-kadence-column{justify-content:start;}.kb-row-layout-id3308_155d60-62 > .kt-row-column-wrap{column-gap:var(--global-kb-gap-md, 2rem);row-gap:var(--global-kb-gap-none, 0rem );max-width:var( --global-content-width, 1900px );padding-left:var(--global-content-edge-padding);padding-right:var(--global-content-edge-padding);padding-bottom:24px;grid-template-columns:repeat(2, minmax(0, 1fr));}.kb-row-layout-id3308_155d60-62 > .kt-row-layout-overlay{opacity:0.30;}@media all and (max-width: 1024px){.kb-row-layout-id3308_155d60-62 > .kt-row-column-wrap{grid-template-columns:repeat(2, minmax(0, 1fr));}}@media all and (max-width: 767px){.kb-row-layout-id3308_155d60-62 > .kt-row-column-wrap{grid-template-columns:minmax(0, 1fr);}}<\/style><div class=\"kb-row-layout-wrap kb-row-layout-id3308_155d60-62 alignnone wp-block-kadence-rowlayout\"><div class=\"kt-row-column-wrap kt-has-2-columns kt-row-layout-equal kt-tab-layout-inherit kt-mobile-layout-row kt-row-valign-top kb-theme-content-width\">\n<style>.kadence-column3308_fed105-76{max-width:1200px;margin-left:auto;margin-right:auto;}.wp-block-kadence-column.kb-section-dir-horizontal:not(.kb-section-md-dir-vertical)>.kt-inside-inner-col>.kadence-column3308_fed105-76{-webkit-flex:0 1 1200px;flex:0 1 1200px;max-width:unset;margin-left:unset;margin-right:unset;}.kadence-column3308_fed105-76 > .kt-inside-inner-col{padding-top:0px;padding-right:0px;padding-bottom:0px;padding-left:0px;}.kadence-column3308_fed105-76 > .kt-inside-inner-col,.kadence-column3308_fed105-76 > .kt-inside-inner-col:before{border-top-left-radius:0px;border-top-right-radius:0px;border-bottom-right-radius:0px;border-bottom-left-radius:0px;}.kadence-column3308_fed105-76 > .kt-inside-inner-col{column-gap:var(--global-kb-gap-sm, 1rem);}.kadence-column3308_fed105-76 > .kt-inside-inner-col{flex-direction:column;}.kadence-column3308_fed105-76 > .kt-inside-inner-col > .aligncenter{width:100%;}.kadence-column3308_fed105-76 > .kt-inside-inner-col:before{opacity:0.3;}.kadence-column3308_fed105-76{position:relative;}.kadence-column3308_fed105-76, .kt-inside-inner-col > .kadence-column3308_fed105-76:not(.specificity){margin-top:0px;margin-right:0px;margin-bottom:0px;margin-left:0px;}@media all and (min-width: 1025px){.wp-block-kadence-column.kb-section-dir-horizontal>.kt-inside-inner-col>.kadence-column3308_fed105-76{-webkit-flex:0 1 1200px;flex:0 1 1200px;max-width:unset;margin-left:unset;margin-right:unset;}}@media all and (max-width: 1024px){.kadence-column3308_fed105-76 > .kt-inside-inner-col{flex-direction:column;justify-content:center;}}@media all and (max-width: 767px){.wp-block-kadence-column.kb-section-sm-dir-vertical:not(.kb-section-sm-dir-horizontal):not(.kb-section-sm-dir-specificity)>.kt-inside-inner-col>.kadence-column3308_fed105-76{max-width:1200px;-webkit-flex:1;flex:1;margin-left:auto;margin-right:auto;}.kadence-column3308_fed105-76 > .kt-inside-inner-col{flex-direction:column;justify-content:center;}}<\/style>\n<div class=\"wp-block-kadence-column kadence-column3308_fed105-76\"><div class=\"kt-inside-inner-col\"><style>.wp-block-kadence-advancedheading.kt-adv-heading3308_541fff-ed, .wp-block-kadence-advancedheading.kt-adv-heading3308_541fff-ed[data-kb-block=\"kb-adv-heading3308_541fff-ed\"]{font-style:normal;}.wp-block-kadence-advancedheading.kt-adv-heading3308_541fff-ed mark.kt-highlight, .wp-block-kadence-advancedheading.kt-adv-heading3308_541fff-ed[data-kb-block=\"kb-adv-heading3308_541fff-ed\"] mark.kt-highlight{font-style:normal;color:#f76a0c;-webkit-box-decoration-break:clone;box-decoration-break:clone;padding-top:0px;padding-right:0px;padding-bottom:0px;padding-left:0px;}.wp-block-kadence-advancedheading.kt-adv-heading3308_541fff-ed img.kb-inline-image, .wp-block-kadence-advancedheading.kt-adv-heading3308_541fff-ed[data-kb-block=\"kb-adv-heading3308_541fff-ed\"] img.kb-inline-image{width:150px;vertical-align:baseline;}<\/style>\n<h1 class=\"kt-adv-heading3308_541fff-ed wp-block-kadence-advancedheading\" data-kb-block=\"kb-adv-heading3308_541fff-ed\">Trabaja con nosotros<\/h1>\n\n\n\n<p>Buscamos personas apasionadas y comprometidas por formar parte de nuestra entidad. Si eres una persona proactiva, con valores sociales y ambientales y con ganas de aprender y crecer, \u00a1esta es tu oportunidad!<\/p>\n\n\n\n<p><strong>\u00bfQuieres trabajar con nosotros?<\/strong><\/p>\n\n\n\n<p>Si crees que tu perfil se ajusta, env\u00edanos tu curr\u00edculum a solidan@solidanca.cat con el ASUNTO: QUIERO TRABAJAR CON VOSOTROS y nos pondremos en contacto contigo.<\/p>\n\n\n\n<p><strong>\u00bfQuiere realizar pr\u00e1cticas o voluntariado?<\/strong><\/p>\n\n\n\n<p>Buscamos perfiles que quieran participar en nuestra misi\u00f3n, aportando y aprendiendo a las distintas \u00e1reas de la entidad.<\/p>\n\n\n\n<p>Si crees que tu perfil se ajusta, env\u00edanos tu curr\u00edculum a solidan@solidanca.cat con el ASUNTO: VOLUNTARIADO-PR\u00c1CTICAS y nos pondremos en contacto contigo.<\/p>\n\n\n\n<p>Muchas gracias<\/p>\n<\/div><\/div>\n\n\n<style>.kadence-column3308_1091a5-10 > .kt-inside-inner-col,.kadence-column3308_1091a5-10 > .kt-inside-inner-col:before{border-top-left-radius:0px;border-top-right-radius:0px;border-bottom-right-radius:0px;border-bottom-left-radius:0px;}.kadence-column3308_1091a5-10 > .kt-inside-inner-col{column-gap:var(--global-kb-gap-sm, 1rem);}.kadence-column3308_1091a5-10 > .kt-inside-inner-col{flex-direction:column;}.kadence-column3308_1091a5-10 > .kt-inside-inner-col > .aligncenter{width:100%;}.kadence-column3308_1091a5-10 > .kt-inside-inner-col:before{opacity:0.3;}.kadence-column3308_1091a5-10{position:relative;}@media all and (max-width: 1024px){.kadence-column3308_1091a5-10 > .kt-inside-inner-col{flex-direction:column;justify-content:center;}}@media all and (max-width: 767px){.kadence-column3308_1091a5-10 > .kt-inside-inner-col{flex-direction:column;justify-content:center;}}<\/style>\n<div class=\"wp-block-kadence-column kadence-column3308_1091a5-10\"><div class=\"kt-inside-inner-col\">\n<figure class=\"wp-block-image size-full is-style-default\"><img loading=\"lazy\" decoding=\"async\" width=\"1920\" height=\"1280\" src=\"http:\/\/www.circularsecondhand.org\/wp-content\/uploads\/2024\/02\/circular-second-hand-treballa-nosaltres.jpg\" alt=\"\" class=\"wp-image-3316\" style=\"object-fit:cover\" srcset=\"https:\/\/www.circularsecondhand.org\/wp-content\/uploads\/2024\/02\/circular-second-hand-treballa-nosaltres.jpg 1920w, https:\/\/www.circularsecondhand.org\/wp-content\/uploads\/2024\/02\/circular-second-hand-treballa-nosaltres-300x200.jpg 300w, https:\/\/www.circularsecondhand.org\/wp-content\/uploads\/2024\/02\/circular-second-hand-treballa-nosaltres-1024x683.jpg 1024w, https:\/\/www.circularsecondhand.org\/wp-content\/uploads\/2024\/02\/circular-second-hand-treballa-nosaltres-768x512.jpg 768w, https:\/\/www.circularsecondhand.org\/wp-content\/uploads\/2024\/02\/circular-second-hand-treballa-nosaltres-1536x1024.jpg 1536w\" sizes=\"auto, (max-width: 1920px) 100vw, 1920px\" \/><\/figure>\n<\/div><\/div>\n\n<\/div><\/div>","protected":false},"excerpt":{"rendered":"<p>Trabaja con nosotros Buscamos personas apasionadas y comprometidas por formar parte de nuestra entidad. Si eres una persona proactiva, con valores sociales y ambientales y con ganas de aprender y crecer, \u00a1esta es tu oportunidad! \u00bfQuieres trabajar con nosotros? Si crees que tu perfil se ajusta, env\u00edanos tu curr\u00edculum a solidan@solidanca.cat con el ASUNTO: QUIERO&#8230;<\/p>\n","protected":false},"author":1,"featured_media":0,"parent":0,"menu_order":0,"comment_status":"closed","ping_status":"closed","template":"","meta":{"_kad_blocks_custom_css":"","_kad_blocks_head_custom_js":"","_kad_blocks_body_custom_js":"","_kad_blocks_footer_custom_js":"","_kad_post_transparent":"","_kad_post_title":"","_kad_post_layout":"normal","_kad_post_sidebar_id":"","_kad_post_content_style":"","_kad_post_vertical_padding":"show","_kad_post_feature":"","_kad_post_feature_position":"","_kad_post_header":false,"_kad_post_footer":false,"_kad_post_classname":"","footnotes":""},"class_list":["post-3309","page","type-page","status-publish","hentry"],"taxonomy_info":[],"featured_image_src_large":false,"author_info":{"display_name":"empiezapori","author_link":"https:\/\/www.circularsecondhand.org\/es\/author\/empiezapori\/"},"comment_info":0,"_links":{"self":[{"href":"https:\/\/www.circularsecondhand.org\/es\/wp-json\/wp\/v2\/pages\/3309","targetHints":{"allow":["GET"]}}],"collection":[{"href":"https:\/\/www.circularsecondhand.org\/es\/wp-json\/wp\/v2\/pages"}],"about":[{"href":"https:\/\/www.circularsecondhand.org\/es\/wp-json\/wp\/v2\/types\/page"}],"author":[{"embeddable":true,"href":"https:\/\/www.circularsecondhand.org\/es\/wp-json\/wp\/v2\/users\/1"}],"replies":[{"embeddable":true,"href":"https:\/\/www.circularsecondhand.org\/es\/wp-json\/wp\/v2\/comments?post=3309"}],"version-history":[{"count":5,"href":"https:\/\/www.circularsecondhand.org\/es\/wp-json\/wp\/v2\/pages\/3309\/revisions"}],"predecessor-version":[{"id":9316,"href":"https:\/\/www.circularsecondhand.org\/es\/wp-json\/wp\/v2\/pages\/3309\/revisions\/9316"}],"wp:attachment":[{"href":"https:\/\/www.circularsecondhand.org\/es\/wp-json\/wp\/v2\/media?parent=3309"}],"curies":[{"name":"wp","href":"https:\/\/api.w.org\/{rel}","templated":true}]}}