{"id":3303,"date":"2024-02-12T12:33:17","date_gmt":"2024-02-12T11:33:17","guid":{"rendered":"https:\/\/circularsecondhand.con2webs.es\/?page_id=3303"},"modified":"2025-05-12T13:20:32","modified_gmt":"2025-05-12T11:20:32","slug":"envios-y-devoluciones","status":"publish","type":"page","link":"https:\/\/www.circularsecondhand.org\/es\/envios-y-devoluciones\/","title":{"rendered":"Env\u00edos y Devoluciones"},"content":{"rendered":"<style>.kb-row-layout-id3302_2c493f-0a > .kt-row-column-wrap{align-content:start;}:where(.kb-row-layout-id3302_2c493f-0a > .kt-row-column-wrap) > .wp-block-kadence-column{justify-content:start;}.kb-row-layout-id3302_2c493f-0a > .kt-row-column-wrap{column-gap:var(--global-kb-gap-md, 2rem);row-gap:var(--global-kb-gap-none, 0rem );max-width:1200px;margin-left:auto;margin-right:auto;padding-bottom:24px;grid-template-columns:minmax(0, 1fr);}.kb-row-layout-id3302_2c493f-0a > .kt-row-layout-overlay{opacity:0.30;}@media all and (max-width: 1024px){.kb-row-layout-id3302_2c493f-0a > .kt-row-column-wrap{grid-template-columns:minmax(0, 1fr);}}@media all and (max-width: 767px){.kb-row-layout-id3302_2c493f-0a > .kt-row-column-wrap{grid-template-columns:minmax(0, 1fr);}}<\/style><div class=\"kb-row-layout-wrap kb-row-layout-id3302_2c493f-0a alignnone wp-block-kadence-rowlayout\"><div class=\"kt-row-column-wrap kt-has-1-columns kt-row-layout-equal kt-tab-layout-inherit kt-mobile-layout-row kt-row-valign-top\">\n<style>.kadence-column3302_d21e55-f6{max-width:1200px;margin-left:auto;margin-right:auto;}.wp-block-kadence-column.kb-section-dir-horizontal:not(.kb-section-md-dir-vertical)>.kt-inside-inner-col>.kadence-column3302_d21e55-f6{-webkit-flex:0 1 1200px;flex:0 1 1200px;max-width:unset;margin-left:unset;margin-right:unset;}.kadence-column3302_d21e55-f6 > .kt-inside-inner-col{padding-top:0px;padding-right:0px;padding-bottom:0px;padding-left:0px;}.kadence-column3302_d21e55-f6 > .kt-inside-inner-col,.kadence-column3302_d21e55-f6 > .kt-inside-inner-col:before{border-top-left-radius:0px;border-top-right-radius:0px;border-bottom-right-radius:0px;border-bottom-left-radius:0px;}.kadence-column3302_d21e55-f6 > .kt-inside-inner-col{column-gap:var(--global-kb-gap-sm, 1rem);}.kadence-column3302_d21e55-f6 > .kt-inside-inner-col{flex-direction:column;}.kadence-column3302_d21e55-f6 > .kt-inside-inner-col > .aligncenter{width:100%;}.kadence-column3302_d21e55-f6 > .kt-inside-inner-col:before{opacity:0.3;}.kadence-column3302_d21e55-f6{position:relative;}.kadence-column3302_d21e55-f6, .kt-inside-inner-col > .kadence-column3302_d21e55-f6:not(.specificity){margin-top:0px;margin-right:0px;margin-bottom:0px;margin-left:0px;}@media all and (min-width: 1025px){.wp-block-kadence-column.kb-section-dir-horizontal>.kt-inside-inner-col>.kadence-column3302_d21e55-f6{-webkit-flex:0 1 1200px;flex:0 1 1200px;max-width:unset;margin-left:unset;margin-right:unset;}}@media all and (max-width: 1024px){.kadence-column3302_d21e55-f6 > .kt-inside-inner-col{flex-direction:column;justify-content:center;}}@media all and (max-width: 767px){.wp-block-kadence-column.kb-section-sm-dir-vertical:not(.kb-section-sm-dir-horizontal):not(.kb-section-sm-dir-specificity)>.kt-inside-inner-col>.kadence-column3302_d21e55-f6{max-width:1200px;-webkit-flex:1;flex:1;margin-left:auto;margin-right:auto;}.kadence-column3302_d21e55-f6 > .kt-inside-inner-col{flex-direction:column;justify-content:center;}}<\/style>\n<div class=\"wp-block-kadence-column kadence-column3302_d21e55-f6\"><div class=\"kt-inside-inner-col\"><style>.wp-block-kadence-advancedheading.kt-adv-heading3302_c7ef52-d6, .wp-block-kadence-advancedheading.kt-adv-heading3302_c7ef52-d6[data-kb-block=\"kb-adv-heading3302_c7ef52-d6\"]{font-style:normal;}.wp-block-kadence-advancedheading.kt-adv-heading3302_c7ef52-d6 mark.kt-highlight, .wp-block-kadence-advancedheading.kt-adv-heading3302_c7ef52-d6[data-kb-block=\"kb-adv-heading3302_c7ef52-d6\"] mark.kt-highlight{font-style:normal;color:#f76a0c;-webkit-box-decoration-break:clone;box-decoration-break:clone;padding-top:0px;padding-right:0px;padding-bottom:0px;padding-left:0px;}.wp-block-kadence-advancedheading.kt-adv-heading3302_c7ef52-d6 img.kb-inline-image, .wp-block-kadence-advancedheading.kt-adv-heading3302_c7ef52-d6[data-kb-block=\"kb-adv-heading3302_c7ef52-d6\"] img.kb-inline-image{width:150px;vertical-align:baseline;}<\/style>\n<h1 class=\"kt-adv-heading3302_c7ef52-d6 wp-block-kadence-advancedheading\" data-kb-block=\"kb-adv-heading3302_c7ef52-d6\">Env\u00edos y Devoluciones<\/h1>\n\n\n\n<p><strong>ENV\u00cdOS<\/strong><\/p>\n\n\n\n<figure class=\"wp-block-table\"><table><tbody><tr><td><strong>TIPO DE ENV\u00cdO<\/strong><\/td><td><strong>TIEMPO<\/strong><\/td><td><strong>PRECIO<\/strong><\/td><\/tr><tr><td>A domicilio o en el punto de<br\/> recogida indicado mediante<br\/> Correos Express<\/td><td>Entre 4 y 7 d\u00edas laborables**<\/td><td>3,99\u20ac (gratuito en pedidos superiores a los 20\u20ac)<\/td><\/tr><\/tbody><\/table><\/figure>\n\n\n\n<figure class=\"wp-block-table\"><table><tbody><tr><td><strong>RECOJIDA<\/strong><\/td><td><strong>TIEMPO<\/strong><\/td><td><strong>PRECIO<\/strong><\/td><\/tr><tr><td>Circular Room, C\/Tallers 21, Barcelona<br\/> Tienda Solidanza La Nau,<br\/> C\/Raval de las Bebidas 25, Sant Joan Desp\u00ed<\/td><td>Entre 4 y 7 d\u00edas laborables**<\/td><td>Gratuito<\/td><\/tr><\/tbody><\/table><\/figure>\n\n\n\n<p>Entregamos el pedido donde nos pidas, en tu casa, en el trabajo o en el punto de recogida disponible que sea m\u00e1s conveniente para ti. Los env\u00edos tendr\u00e1n un coste de 3,99\u20ac y ser\u00e1n gratuitos en pedidos superiores a 20\u20ac. Tambi\u00e9n puedes optar por recoger tu pedido en nuestra tienda situada en Calle Raval de las Bebidas, 25, San Juan Desp\u00ed o en nuestra tienda situada en Calle Talleres, 21, Barcelona sin coste adicional alguno.<\/p>\n\n\n\n<p>Una vez que tu pedido se ponga en marcha, recibir\u00e1s un correo electr\u00f3nico por parte de Correos Express con tu n\u00famero de seguimiento para que lo puedas localizar en todo momento hasta que te llegue.<\/p>\n\n\n\n<p>** Los plazos de env\u00edo pueden verse afectados durante per\u00edodos de vacaciones o d\u00edas festivos.<\/p>\n\n\n\n<p>*Env\u00edos peninsulares<\/p>\n\n\n\n<p><strong>DEVOLUCIONES<\/strong><\/p>\n\n\n\n<p>Si quieres devolver uno o varios productos de tu pedido, deber\u00e1s enviarnos un correo a circular@solidanca.cat con la palabra \u201cdevoluci\u00f3n\u201d como asunto y explicando el motivo del mismo en un plazo m\u00e1ximo de 14 d\u00edas desde la recepci\u00f3n. Una vez recibamos este correo te enviaremos la direcci\u00f3n a la que deber\u00e1s enviar el producto.<br\/> Una vez recibas la direcci\u00f3n, recomendamos seguir los siguientes pasos:<\/p>\n\n\n\n<p><strong>Preparaci\u00f3n<\/strong><\/p>\n\n\n\n<ul class=\"wp-block-list\">\n<li>Realiza la devoluci\u00f3n del producto con la misma caja o bolsa con la que fue entregado.<\/li>\n\n\n\n<li>Deposita los productos que quieres devolver dentro del paquete.<\/li>\n<\/ul>\n\n\n\n<p><strong>Empresa de mensajer\u00eda<\/strong><\/p>\n\n\n\n<ul class=\"wp-block-list\">\n<li>Con la empresa que m\u00e1s te convenga, tramita el env\u00edo a la direcci\u00f3n indicada.<\/li>\n\n\n\n<li>Pega la etiqueta de devoluci\u00f3n en el paquete asegur\u00e1ndote que cubre bien la etiqueta de env\u00edo anterior.<\/li>\n\n\n\n<li>Sella bien tu paquete de devoluci\u00f3n para que no sea da\u00f1ado durante el transporte.<\/li>\n\n\n\n<li>Recuerda pedir un recibo como prueba de haber hecho la entrega y gu\u00e1rdalo hasta que te hayamos hecho la devoluci\u00f3n.<\/li>\n<\/ul>\n\n\n\n<p><strong>Reembolso<\/strong><\/p>\n\n\n\n<ul class=\"wp-block-list\">\n<li>Una vez recibamos la devoluci\u00f3n, te realizaremos el reembolso correspondiente a trav\u00e9s del m\u00e9todo de pago que hayas utilizado para realizar la compra.<\/li>\n\n\n\n<li>Ten en cuenta que pueden pasar varios d\u00edas hasta que tengas disponible el dinero en tu cuenta, esto depende de las condiciones y pol\u00edticas del banco.<\/li>\n<\/ul>\n\n\n\n<p>*El coste de las devoluciones lo asume el cliente.<br\/>*No se pueden realizar cambios, ya que se trata de piezas \u00fanicas sin variedad de tallas.<\/p>\n\n\n\n<p>Si recogiste el paquete en nuestras tiendas de forma gratuita, la devoluci\u00f3n tambi\u00e9n lo ser\u00e1. Simplemente debes entregar el producto a devolver con el mismo paquete a nuestra tienda de Calle Raval de las Bebidas, 25, Sant Joan Desp\u00ed oa nuestra tienda de Calle Tallers, 21, Barcelona indicando que se trata de una devoluci\u00f3n. El reembolso puede tardar hasta 14 d\u00edas en efectuarse y ten en cuenta que pueden pasar varios d\u00edas hasta que tengas disponible el dinero en tu cuenta, esto depende de las condiciones y pol\u00edticas del banco.<\/p>\n<\/div><\/div>\n\n<\/div><\/div>","protected":false},"excerpt":{"rendered":"<p>Env\u00edos y Devoluciones ENV\u00cdOS TIPO DE ENV\u00cdO TIEMPO PRECIO A domicilio o en el punto de recogida indicado mediante Correos Express Entre 4 y 7 d\u00edas laborables** 3,99\u20ac (gratuito en pedidos superiores a los 20\u20ac) RECOJIDA TIEMPO PRECIO Circular Room, C\/Tallers 21, Barcelona Tienda Solidanza La Nau, C\/Raval de las Bebidas 25, Sant Joan Desp\u00ed&#8230;<\/p>\n","protected":false},"author":1,"featured_media":0,"parent":0,"menu_order":0,"comment_status":"closed","ping_status":"closed","template":"","meta":{"_kad_blocks_custom_css":"","_kad_blocks_head_custom_js":"","_kad_blocks_body_custom_js":"","_kad_blocks_footer_custom_js":"","_kad_post_transparent":"","_kad_post_title":"","_kad_post_layout":"normal","_kad_post_sidebar_id":"","_kad_post_content_style":"","_kad_post_vertical_padding":"show","_kad_post_feature":"","_kad_post_feature_position":"","_kad_post_header":false,"_kad_post_footer":false,"_kad_post_classname":"","footnotes":""},"class_list":["post-3303","page","type-page","status-publish","hentry"],"taxonomy_info":[],"featured_image_src_large":false,"author_info":{"display_name":"empiezapori","author_link":"https:\/\/www.circularsecondhand.org\/es\/author\/empiezapori\/"},"comment_info":0,"_links":{"self":[{"href":"https:\/\/www.circularsecondhand.org\/es\/wp-json\/wp\/v2\/pages\/3303","targetHints":{"allow":["GET"]}}],"collection":[{"href":"https:\/\/www.circularsecondhand.org\/es\/wp-json\/wp\/v2\/pages"}],"about":[{"href":"https:\/\/www.circularsecondhand.org\/es\/wp-json\/wp\/v2\/types\/page"}],"author":[{"embeddable":true,"href":"https:\/\/www.circularsecondhand.org\/es\/wp-json\/wp\/v2\/users\/1"}],"replies":[{"embeddable":true,"href":"https:\/\/www.circularsecondhand.org\/es\/wp-json\/wp\/v2\/comments?post=3303"}],"version-history":[{"count":5,"href":"https:\/\/www.circularsecondhand.org\/es\/wp-json\/wp\/v2\/pages\/3303\/revisions"}],"predecessor-version":[{"id":14833,"href":"https:\/\/www.circularsecondhand.org\/es\/wp-json\/wp\/v2\/pages\/3303\/revisions\/14833"}],"wp:attachment":[{"href":"https:\/\/www.circularsecondhand.org\/es\/wp-json\/wp\/v2\/media?parent=3303"}],"curies":[{"name":"wp","href":"https:\/\/api.w.org\/{rel}","templated":true}]}}