{"id":3291,"date":"2024-02-12T12:02:58","date_gmt":"2024-02-12T11:02:58","guid":{"rendered":"https:\/\/circularsecondhand.con2webs.es\/aviso-legal\/"},"modified":"2024-07-08T14:40:59","modified_gmt":"2024-07-08T12:40:59","slug":"aviso-legal","status":"publish","type":"page","link":"https:\/\/www.circularsecondhand.org\/es\/aviso-legal\/","title":{"rendered":"Aviso legal"},"content":{"rendered":"<style>.kb-row-layout-id3271_351b0f-39 > .kt-row-column-wrap{align-content:start;}:where(.kb-row-layout-id3271_351b0f-39 > .kt-row-column-wrap) > .wp-block-kadence-column{justify-content:start;}.kb-row-layout-id3271_351b0f-39 > .kt-row-column-wrap{column-gap:var(--global-kb-gap-md, 2rem);row-gap:var(--global-kb-gap-none, 0rem );max-width:1200px;margin-left:auto;margin-right:auto;padding-bottom:24px;grid-template-columns:minmax(0, 1fr);}.kb-row-layout-id3271_351b0f-39 > .kt-row-layout-overlay{opacity:0.30;}@media all and (max-width: 1024px){.kb-row-layout-id3271_351b0f-39 > .kt-row-column-wrap{grid-template-columns:minmax(0, 1fr);}}@media all and (max-width: 767px){.kb-row-layout-id3271_351b0f-39 > .kt-row-column-wrap{grid-template-columns:minmax(0, 1fr);}}<\/style><div class=\"kb-row-layout-wrap kb-row-layout-id3271_351b0f-39 alignnone wp-block-kadence-rowlayout\"><div class=\"kt-row-column-wrap kt-has-1-columns kt-row-layout-equal kt-tab-layout-inherit kt-mobile-layout-row kt-row-valign-top\">\n<style>.kadence-column3271_7ce678-7f{max-width:1200px;margin-left:auto;margin-right:auto;}.wp-block-kadence-column.kb-section-dir-horizontal:not(.kb-section-md-dir-vertical)>.kt-inside-inner-col>.kadence-column3271_7ce678-7f{-webkit-flex:0 1 1200px;flex:0 1 1200px;max-width:unset;margin-left:unset;margin-right:unset;}.kadence-column3271_7ce678-7f > .kt-inside-inner-col{padding-top:0px;padding-right:0px;padding-bottom:0px;padding-left:0px;}.kadence-column3271_7ce678-7f > .kt-inside-inner-col,.kadence-column3271_7ce678-7f > .kt-inside-inner-col:before{border-top-left-radius:0px;border-top-right-radius:0px;border-bottom-right-radius:0px;border-bottom-left-radius:0px;}.kadence-column3271_7ce678-7f > .kt-inside-inner-col{column-gap:var(--global-kb-gap-sm, 1rem);}.kadence-column3271_7ce678-7f > .kt-inside-inner-col{flex-direction:column;}.kadence-column3271_7ce678-7f > .kt-inside-inner-col > .aligncenter{width:100%;}.kadence-column3271_7ce678-7f > .kt-inside-inner-col:before{opacity:0.3;}.kadence-column3271_7ce678-7f{position:relative;}.kadence-column3271_7ce678-7f, .kt-inside-inner-col > .kadence-column3271_7ce678-7f:not(.specificity){margin-top:0px;margin-right:0px;margin-bottom:0px;margin-left:0px;}@media all and (min-width: 1025px){.wp-block-kadence-column.kb-section-dir-horizontal>.kt-inside-inner-col>.kadence-column3271_7ce678-7f{-webkit-flex:0 1 1200px;flex:0 1 1200px;max-width:unset;margin-left:unset;margin-right:unset;}}@media all and (max-width: 1024px){.kadence-column3271_7ce678-7f > .kt-inside-inner-col{flex-direction:column;justify-content:center;}}@media all and (max-width: 767px){.wp-block-kadence-column.kb-section-sm-dir-vertical:not(.kb-section-sm-dir-horizontal):not(.kb-section-sm-dir-specificity)>.kt-inside-inner-col>.kadence-column3271_7ce678-7f{max-width:1200px;-webkit-flex:1;flex:1;margin-left:auto;margin-right:auto;}.kadence-column3271_7ce678-7f > .kt-inside-inner-col{flex-direction:column;justify-content:center;}}<\/style>\n<div class=\"wp-block-kadence-column kadence-column3271_7ce678-7f\"><div class=\"kt-inside-inner-col\"><style>.wp-block-kadence-advancedheading.kt-adv-heading3271_afcde6-78, .wp-block-kadence-advancedheading.kt-adv-heading3271_afcde6-78[data-kb-block=\"kb-adv-heading3271_afcde6-78\"]{font-style:normal;}.wp-block-kadence-advancedheading.kt-adv-heading3271_afcde6-78 mark.kt-highlight, .wp-block-kadence-advancedheading.kt-adv-heading3271_afcde6-78[data-kb-block=\"kb-adv-heading3271_afcde6-78\"] mark.kt-highlight{font-style:normal;color:#f76a0c;-webkit-box-decoration-break:clone;box-decoration-break:clone;padding-top:0px;padding-right:0px;padding-bottom:0px;padding-left:0px;}.wp-block-kadence-advancedheading.kt-adv-heading3271_afcde6-78 img.kb-inline-image, .wp-block-kadence-advancedheading.kt-adv-heading3271_afcde6-78[data-kb-block=\"kb-adv-heading3271_afcde6-78\"] img.kb-inline-image{width:150px;vertical-align:baseline;}<\/style>\n<h1 class=\"kt-adv-heading3271_afcde6-78 wp-block-kadence-advancedheading\" data-kb-block=\"kb-adv-heading3271_afcde6-78\">Aviso legal<\/h1>\n\n\n\n<h2 class=\"wp-block-heading\">AVISO LEGAL Y CONDICIONES GENERALES DE USO<\/h2>\n\n\n\n<h4 class=\"wp-block-heading\">http:\/\/www.circularsecondhand.org<\/h4>\n\n\n\n<h3 class=\"wp-block-heading\">I. INFORMACI\u00d3N GENERAL<\/h3>\n\n\n\n<p>En cumplimiento con el deber de informaci\u00f3n dispuesto en la Ley 34\/2002 de Servicios de la Sociedad de la Informaci\u00f3n y el Comercio Electr\u00f3nico (LSSI-CE) de 11 de julio, se facilitan a continuaci\u00f3n los siguientes datos de informaci\u00f3n general del mismo sitio web :<\/p>\n\n\n\n<p>La titularidad de este sitio web, http:\/\/www.circularsecondhand.org, (en adelante, Sitio Web) la ostenta: , provista de NIF: B-64266281 e inscrita en: Barcelona con los siguientes datos registrales: Folio 104 Volumen 38940 B332735 Inscripci\u00f3n 1, cuyo representante es: Marc Pintor G\u00f3nzalez, y cuyos datos de contacto son:<\/p>\n\n\n\n<p>Direcci\u00f3n: C\/trabajo, 5 Sant Just Desvern, 08690<\/p>\n\n\n\n<p>Tel\u00e9fono de contacto: 93 685 44 34<\/p>\n\n\n\n<p>Email de contacto: dpd@solidanca.cat<\/p>\n\n\n\n<h3 class=\"wp-block-heading\">II. T\u00c9RMINOS Y CONDICIONES GENERALES DE USO<\/h3>\n\n\n\n<h4 class=\"wp-block-heading\">El objeto de las condiciones: El Sitio Web<\/h4>\n\n\n\n<p>El objeto de estas Condiciones Generales de Uso (en adelante, Condiciones) es regular el acceso y la utilizaci\u00f3n del Sitio Web. A efectos de las presentes Condiciones se entender\u00e1 como Sitio Web: la apariencia externa de las interfaces de pantalla, tanto de forma est\u00e1tica como de forma din\u00e1mica, es decir, el \u00e1rbol de navegaci\u00f3n; y todos los elementos integrados tanto en las interfaces de pantalla como en el \u00e1rbol de navegaci\u00f3n (en adelante, Contenidos) y todos aquellos servicios o recursos online que en su caso ofrezca a los Usuarios (en adelante, Servicios).<\/p>\n\n\n\n<p>CIRCULAR se reserva la facultad de modificar, en cualquier momento, y sin previo aviso, la presentaci\u00f3n y configuraci\u00f3n del Sitio Web y de los Contenidos y Servicios que pudieran estar incorporados. El Usuario reconoce y acepta que en cualquier momento CIRCULAR pueda interrumpir, desactivar y\/o cancelar cualquiera de estos elementos que se integran en el Sitio Web o el acceso a los mismos.<\/p>\n\n\n\n<p>El acceso al Sitio Web por el Usuario tiene car\u00e1cter libre y, por regla general, es gratuito sin que el Usuario deba proporcionar una contraprestaci\u00f3n para poder disfrutarlo, salvo el coste de conexi\u00f3n a trav\u00e9s de la red de telecomunicaciones suministrada por el proveedor de acceso que haya contratado el usuario.<\/p>\n\n\n\n<p>La utilizaci\u00f3n de alguno de los contenidos o servicios del sitio web puede realizarse mediante la suscripci\u00f3n o registro previo del usuario.<\/p>\n\n\n\n<h4 class=\"wp-block-heading\">El Usuario<\/h4>\n\n\n\n<p>El acceso, navegaci\u00f3n y uso del Sitio Web, as\u00ed como por los espacios habilitados para interactuar entre los Usuarios, y el Usuario y CIRCULAR, como los comentarios y\/o espacios de blogging, confiere la condici\u00f3n de Usuario, por la que lo que se acepta, desde que se inicia la navegaci\u00f3n por el Sitio Web, todas las Condiciones aqu\u00ed establecidas, as\u00ed como sus ulteriores modificaciones, sin perjuicio de la aplicaci\u00f3n de la correspondiente normativa legal de obligado cumplimiento seg\u00fan el caso. Dada la relevancia de lo anterior, se recomienda al Usuario leerlas cada vez que visite el Sitio Web.<\/p>\n\n\n\n<p>El Sitio Web de CIRCULAR proporciona gran diversidad de informaci\u00f3n, servicios y datos. El Usuario asume su responsabilidad por hacer un uso correcto del Sitio Web. Esta responsabilidad se extender\u00e1 a:<\/p>\n\n\n\n<ul class=\"wp-block-list\">\n<li>Un uso de la informaci\u00f3n, Contenidos y\/o Servicios y datos ofrecidos por CIRCULAR sin que sea contrario a lo dispuesto en estas Condiciones, la Ley, la moral o el orden p\u00fablico, o que de cualquier otra forma puedan suponer lesi\u00f3n de los derechos de terceros o del mismo funcionamiento del Sitio Web.<\/li>\n\n\n\n<li>La veracidad y licitud de las informaciones aportadas por el Usuario a los formularios extendidos por CIRCULAR para el acceso a ciertos Contenidos o Servicios ofrecidos por el Sitio Web. En cualquier caso, el Usuario notificar\u00e1 de forma inmediata a CIRCULAR sobre cualquier hecho que permita el uso indebido de la informaci\u00f3n registrada en estos formularios, tales como, pero no s\u00f3lo, el robo, la p\u00e9rdida, o el acceso no autorizado a identificadores y\/o contrase\u00f1as, a fin de proceder a su inmediata cancelaci\u00f3n. En cualquier caso, CIRCULAR no ser\u00e1 responsable de las opiniones vertidas por los Usuarios a trav\u00e9s de comentarios u otras herramientas de blogging o de participaci\u00f3n que pueda haber.<\/li>\n<\/ul>\n\n\n\n<p>El mero acceso a este Sitio Web no supone entablar ning\u00fan tipo de relaci\u00f3n de car\u00e1cter comercial entre CIRCULAR y el Usuario.<\/p>\n\n\n\n<p>El Usuario declara que es mayor y disponer de la capacidad jur\u00eddica suficiente para vincularse por estas Condiciones. Por tanto, este Sitio Web de CIRCULAR no se dirige a menores de edad. CIRCULAR declina cualquier responsabilidad por el incumplimiento de este requisito.<\/p>\n\n\n\n<h3 class=\"wp-block-heading\">III. ACCESO Y NAVEGACI\u00d3N AL SITIO WEB: EXCLUSI\u00d3N DE GARANT\u00cdAS Y RESPONSABILIDAD<\/h3>\n\n\n\n<p>CIRCULAR no garantiza la continuidad, disponibilidad y utilidad del Sitio Web, ni de los Contenidos o Servicios. CIRCULAR har\u00e1 todo lo posible por el buen funcionamiento del Sitio Web, sin embargo, no se responsabiliza ni garantiza que el acceso a este Sitio Web no sea ininterrumpido o que est\u00e9 libre de error.<\/p>\n\n\n\n<p>Tampoco se responsabiliza o garantiza que el contenido o software al que se pueda acceder a trav\u00e9s de este Sitio Web, est\u00e9 libre de error o cause un da\u00f1o al sistema inform\u00e1tico (software y hardware) del Usuario. En ning\u00fan caso CIRCULAR ser\u00e1 responsable por las p\u00e9rdidas, da\u00f1os o perjuicios de cualquier tipo que surjan por el acceso, navegaci\u00f3n y uso del Sitio Web, incluy\u00e9ndose, pero no limit\u00e1ndose, a los ocasionados a los sistemas inform\u00e1ticos o los provocados por la introducci\u00f3n de virus.<\/p>\n\n\n\n<p>CIRCULAR tampoco se hace responsable de los da\u00f1os que pudieran ocasionarse a los usuarios por un uso inadecuado de este Sitio Web. En particular, no se hace responsable en modo alguno de las ca\u00eddas, interrupciones, falta o defecto de las telecomunicaciones que pudieran ocurrir.<\/p>\n\n\n\n<h3 class=\"wp-block-heading\">IV. POL\u00cdTICA DE ENLACES<\/h3>\n\n\n\n<p>Se informa que el Sitio Web de CIRCULAR pone o puede poner a disposici\u00f3n de los Usuarios medios de enlace (como, entre otros, links, banners, botones), directorios y motores de b\u00fasqueda que permiten a los Usuarios acceder a sitios web pertenecientes y\/o gestionados por terceros.<\/p>\n\n\n\n<p>La instalaci\u00f3n de estos enlaces, directorios y motores de b\u00fasqueda en el Sitio Web tiene por objeto facilitar a los Usuarios la b\u00fasqueda de y acceso a la informaci\u00f3n disponible en Internet, sin que pueda considerarse una sugerencia, recomendaci\u00f3n o invitaci\u00f3n para la visita de los mismos.<\/p>\n\n\n\n<p>CIRCULAR no ofrece ni comercializa por s\u00ed ni por medio de terceros los productos y\/o servicios disponibles en estos sitios enlazados.<\/p>\n\n\n\n<p>CIRCULAR ofrece contenidos patrocinados, anuncios y\/o enlaces de afiliados. La informaci\u00f3n que aparece en estos enlaces de afiliados o los anuncios insertados, son facilitados por los propios anunciantes, por lo que CIRCULAR no se hace responsable de posibles inexactitudes o errores que pudieran contener los anuncios, ni garantiza en modo alguno la experiencia, integridad o responsabilidad de los anunciantes o la calidad de sus productos y servicios.<\/p>\n\n\n\n<p>Asimismo, tampoco garantizar\u00e1 la disponibilidad t\u00e9cnica, exactitud, veracidad, validez o legalidad de sitios ajenos a su propiedad a la que se pueda acceder mediante los enlaces.<\/p>\n\n\n\n<p>CIRCULAR en ning\u00fan caso revisar\u00e1 o controlar\u00e1 el contenido de otros sitios web, as\u00ed como tampoco aprueba, examina ni hace propios los productos y servicios, contenidos, archivos y cualquier otro material existente en los referidos sitios enlazados.<\/p>\n\n\n\n<p>CIRCULAR no asume responsabilidad alguna por los da\u00f1os y perjuicios que pudieran producirse por el acceso, uso, calidad o licitud de los contenidos, comunicaciones, opiniones, productos y servicios de los sitios web no gestionados por CIRCULAR y que sean enlazados en este Sitio Web.<\/p>\n\n\n\n<p>El Usuario o tercero que haga un hiperenlace desde una p\u00e1gina web de otro, diferente, sitio web en el Sitio Web de CIRCULAR deber\u00e1 saber que:<\/p>\n\n\n\n<p>No se permite la reproducci\u00f3n -total o parcialmente- de ninguno de los Contenidos y\/o Servicios del Sitio Web sin autorizaci\u00f3n expresa de CIRCULAR.<\/p>\n\n\n\n<p>No se permite tampoco ninguna manifestaci\u00f3n falsa, inexacta o incorrecta sobre el Sitio Web de CIRCULAR, ni sobre los Contenidos y\/o Servicios del mismo.<\/p>\n\n\n\n<p>A excepci\u00f3n del hiperenlace, el sitio web donde se establezca este hiperenlace no contendr\u00e1 ning\u00fan elemento, de este Sitio Web, protegido como propiedad intelectual por el ordenamiento jur\u00eddico espa\u00f1ol, salvo autorizaci\u00f3n expresa de CIRCULAR.<\/p>\n\n\n\n<p>El establecimiento del hiperenlace no implicar\u00e1 la existencia de relaciones entre CIRCULAR y el titular del sitio web desde el que se realice, ni el conocimiento y aceptaci\u00f3n de CIRCULAR de los contenidos, servicios y\/o actividades ofrecidos en este sitio web, y viceversa.<\/p>\n\n\n\n<h3 class=\"wp-block-heading\">V. PROPIEDAD INTELECTUAL E INDUSTRIAL<\/h3>\n\n\n\n<p>CIRCULAR por s\u00ed o como parte cesionaria, es titular de todos los derechos de propiedad intelectual e industrial del Sitio Web, as\u00ed como de los elementos contenidos en \u00e9ste (a t\u00edtulo enunciativo y no exhaustivo, im\u00e1genes, sonido, audio, v\u00eddeo, software o textos, marcas o logotipos, combinaciones de colores, estructura y dise\u00f1o, selecci\u00f3n de materiales usados, programas de ordenador necesarios para el funcionamiento, acceso y uso, etc.). Ser\u00e1n, por tanto, obras protegidas como propiedad intelectual por el ordenamiento jur\u00eddico espa\u00f1ol, y les ser\u00e1n de aplicaci\u00f3n tanto la normativa espa\u00f1ola y comunitaria en este campo, como los tratados internacionales relativos a la materia y suscritos por Espa\u00f1a.<\/p>\n\n\n\n<p>Todos los derechos reservados. En virtud de lo dispuesto en la Ley de propiedad intelectual, quedan expresamente prohibidas la reproducci\u00f3n, distribuci\u00f3n y comunicaci\u00f3n p\u00fablica, incluida su modalidad de puesta a disposici\u00f3n, de la totalidad o parte de los contenidos de esta p\u00e1gina web, con fines comerciales, en cualquier soporte y por cualquier medio t\u00e9cnico, sin la autorizaci\u00f3n de CIRCULAR.<\/p>\n\n\n\n<p>El Usuario se compromete a respetar los derechos de propiedad intelectual e industrial de CIRCULAR. Podr\u00e1 visualizar los elementos del Sitio Web o incluso imprimirlos, copiarlos y almacenarlos en el disco duro de su ordenador o en cualquier otro soporte f\u00edsico siempre que sea, exclusivamente, para su uso personal. Sin embargo, el Usuario no podr\u00e1 suprimir, alterar, o manipular cualquier dispositivo de protecci\u00f3n o sistema de seguridad que estuviera instalado en el Sitio Web.<\/p>\n\n\n\n<p>En caso de que el Usuario o tercero considere que cualquiera de los Contenidos del Sitio Web suponga una violaci\u00f3n de los derechos de protecci\u00f3n de la propiedad intelectual, deber\u00e1 comunicarlo inmediatamente a CIRCULAR a trav\u00e9s de los datos de contacto del apartado de INFORMACI\u00d3N GENERAL de este Aviso Legal y Condiciones Generales de Uso.<\/p>\n\n\n\n<h3 class=\"wp-block-heading\">VI. ACCIONES LEGALES, LEGISLACI\u00d3N APLICABLE Y JURISDICCI\u00d3N<\/h3>\n\n\n\n<p>CIRCULAR se reserva la facultad de presentar las acciones civiles o penales que considere necesarias por la utilizaci\u00f3n indebida del Sitio Web y Contenidos, o por el incumplimiento de las presentes Condiciones.<\/p>\n\n\n\n<p>La relaci\u00f3n entre el Usuario y CIRCULAR se regir\u00e1 por la normativa vigente y de aplicaci\u00f3n en territorio espa\u00f1ol. Si surge cualquier controversia en relaci\u00f3n con la interpretaci\u00f3n y\/o aplicaci\u00f3n de estas Condiciones, las partes someter\u00e1n sus conflictos a la jurisdicci\u00f3n ordinaria someti\u00e9ndose a los jueces y tribunales que correspondan de acuerdo con el derecho.<\/p>\n<\/div><\/div>\n\n<\/div><\/div>","protected":false},"excerpt":{"rendered":"<p>Aviso legal AVISO LEGAL Y CONDICIONES GENERALES DE USO http:\/\/www.circularsecondhand.org I. INFORMACI\u00d3N GENERAL En cumplimiento con el deber de informaci\u00f3n dispuesto en la Ley 34\/2002 de Servicios de la Sociedad de la Informaci\u00f3n y el Comercio Electr\u00f3nico (LSSI-CE) de 11 de julio, se facilitan a continuaci\u00f3n los siguientes datos de informaci\u00f3n general del mismo sitio&#8230;<\/p>\n","protected":false},"author":1,"featured_media":0,"parent":0,"menu_order":0,"comment_status":"closed","ping_status":"closed","template":"","meta":{"_kad_blocks_custom_css":"","_kad_blocks_head_custom_js":"","_kad_blocks_body_custom_js":"","_kad_blocks_footer_custom_js":"","_kad_post_transparent":"","_kad_post_title":"","_kad_post_layout":"normal","_kad_post_sidebar_id":"","_kad_post_content_style":"","_kad_post_vertical_padding":"show","_kad_post_feature":"","_kad_post_feature_position":"","_kad_post_header":false,"_kad_post_footer":false,"_kad_post_classname":"","footnotes":""},"class_list":["post-3291","page","type-page","status-publish","hentry"],"taxonomy_info":[],"featured_image_src_large":false,"author_info":{"display_name":"empiezapori","author_link":"https:\/\/www.circularsecondhand.org\/es\/author\/empiezapori\/"},"comment_info":0,"_links":{"self":[{"href":"https:\/\/www.circularsecondhand.org\/es\/wp-json\/wp\/v2\/pages\/3291","targetHints":{"allow":["GET"]}}],"collection":[{"href":"https:\/\/www.circularsecondhand.org\/es\/wp-json\/wp\/v2\/pages"}],"about":[{"href":"https:\/\/www.circularsecondhand.org\/es\/wp-json\/wp\/v2\/types\/page"}],"author":[{"embeddable":true,"href":"https:\/\/www.circularsecondhand.org\/es\/wp-json\/wp\/v2\/users\/1"}],"replies":[{"embeddable":true,"href":"https:\/\/www.circularsecondhand.org\/es\/wp-json\/wp\/v2\/comments?post=3291"}],"version-history":[{"count":2,"href":"https:\/\/www.circularsecondhand.org\/es\/wp-json\/wp\/v2\/pages\/3291\/revisions"}],"predecessor-version":[{"id":3332,"href":"https:\/\/www.circularsecondhand.org\/es\/wp-json\/wp\/v2\/pages\/3291\/revisions\/3332"}],"wp:attachment":[{"href":"https:\/\/www.circularsecondhand.org\/es\/wp-json\/wp\/v2\/media?parent=3291"}],"curies":[{"name":"wp","href":"https:\/\/api.w.org\/{rel}","templated":true}]}}